{"id":2249,"date":"2024-06-04T13:26:18","date_gmt":"2024-06-04T11:26:18","guid":{"rendered":"https:\/\/nordic.hurtigtilbud.dk\/?page_id=2249"},"modified":"2024-06-04T13:28:19","modified_gmt":"2024-06-04T11:28:19","slug":"baeredygtighed","status":"publish","type":"page","link":"https:\/\/www.staging.nordicbloomfunds.eu\/en\/baeredygtighed\/","title":{"rendered":"B\u00e6redygtighed"},"content":{"rendered":"<section class=\"bde-section-2249-100 bde-section\">\n              \n  \n\t\n\n  <div class=\"section-background-overlay\"><\/div>\n\n\n<div class=\"section-container\"><h1 class=\"bde-heading-2249-101 bde-heading\">\nPolitik for b\u00e6redygtige investeringer hos Nordic Bloom P\/S\n<\/h1><\/div>\n<\/section><section class=\"bde-section-2249-102 bde-section\">\n  \n\t\n\n\n\n<div class=\"section-container\"><div class=\"bde-rich-text-2249-103 bde-rich-text breakdance-rich-text-styles\">\n<h2>1. Definition<\/h2>\n<p>Det er vores politik, at Nordic Bloom P\/S i sin beslutningsproces vedr\u00f8rende enhver investering, inddrager en vurdering af investeringens b\u00e6redygtighed og frav\u00e6lger investeringer, der indeb\u00e6rer s\u00e6rlige b\u00e6redygtighedsrisici.<\/p>\n<h3>1.1<\/h3>\n<p>Ved b\u00e6redygtige investeringer forst\u00e5s i henhold til EU-forordning 2019\/2088 af 27. november 2019: \u201dEn investering i en \u00f8konomisk aktivitet, som bidrager til et milj\u00f8m\u00e6ssigt m\u00e5l som m\u00e5lt f.eks. ved hj\u00e6lp af n\u00f8gleindikatorer for ressourceeffektivitet for anvendelse af energi, vedvarende energi, r\u00e5materialer, vand og jord, for affaldsproduktion og drivhusgasemissioner eller for dens indvirkning p\u00e5 biodiversiteten og den cirkul\u00e6re \u00f8konomi eller en investering i en \u00f8konomisk aktivitet, som bidrager til et socialt m\u00e5l, navnlig en investering, som bidrager til at bek\u00e6mpe ulighed, eller som fremmer social samh\u00f8righed, social integration og arbejdsmarkedsrelationer, eller en investering i menneskelig kapital eller \u00f8konomisk eller socialt d\u00e5rligt stillede lokalsamfund, forudsat at s\u00e5danne investeringer ikke er til v\u00e6sentlig skade for nogen af disse m\u00e5l, og at de virksomheder, der investeres i, f\u00f8lger god ledelsespraksis, navnlig med hensyn til solide ledelsesstrukturer, arbejdstagerforhold, afl\u00f8nning af personale og overholdelse af skatteregler.\u201d<\/p>\n<h2>2. Venture fonde<\/h2>\n<h3>2.1<\/h3>\n<p>Gennem vores venture fonde investeres i fremtidens teknologi, l\u00e6gemidler, medical devices og andre fremtidige l\u00f8sninger p\u00e5 en udfordring i dagens verden. Investeringspolitikken vil v\u00e6re langt bredere end at investere i projekter med fremme af b\u00e6redygtighed som form\u00e5l, men fondenes portef\u00f8ljer vil normalt ogs\u00e5 indeholde s\u00e5danne investeringer. Og vi sikrer s\u00e5 vidt muligt, at der ikke investeres i selskaber, hvis projekt eller ageren indeb\u00e6rer s\u00e6rlige risici vedr\u00f8rende b\u00e6redygtighed.<\/p>\n<h3>2.2<\/h3>\n<p>I vores primaries fonde investeres gennem 15-20 top tier amerikanske venture fonde \u2013 prim\u00e6rt Silicon Valley baserede \u2013 n\u00f8je udvalgt ud fra deres management teams\u2019 historiske performance. I den forbindelse sikrer vi, at den p\u00e5g\u00e6ldende fond har tiltr\u00e5dt Principles of Responsible Investment (PRI) eller p\u00e5 anden m\u00e5de som del af sin investeringspolitik frav\u00e6lger investeringer i selskaber, hvis form\u00e5l eller ageren strider mod principper om b\u00e6redygtighed.<\/p>\n<h3>2.3<\/h3>\n<p>I vores secondaries fonde investeres dels gennem venturefonde dels ved direkte investeringer i selskaber. Ved udv\u00e6lgelsen af venture fonde sikrer vi ligesom i primaries fondene, at den p\u00e5g\u00e6ldende fond har tiltr\u00e5dt PRI eller p\u00e5 anden m\u00e5de som del af sin investeringspolitik frav\u00e6lger investeringer i selskaber, hvis form\u00e5l eller ageren strider mod principper om b\u00e6redygtighed. Og ved de direkte investeringer frav\u00e6lger vi selv s\u00e5danne selskaber.<\/p>\n<h2>3. Vurdering af b\u00e6redygtighed<\/h2>\n<h3>3.1<\/h3>\n<p>Ved vurderingen af, om et selskabs form\u00e5l eller ageren strider mod principper om b\u00e6redygtighed, tager vi navnlig f\u00f8lgende i betragtning:<\/p>\n<ul>\n<li>Om selskabets produkt eller ydelse enten under sin produktion eller n\u00e5r leveret ved un\u00f8dvendig brug af sort energi, ved skadelige, herunder forurenende eller farlige stoffer, ved st\u00f8j, rystelser, r\u00f8g eller tilsvarende negativt p\u00e5virker klima, milj\u00f8, natur, dyreliv, mennesker, det omgivende samfund.<\/li>\n<li>Om selskabet sikrer overholdelse af principper om ikke-diskrimination, og selskabets ledelse sikrer et arbejdsmilj\u00f8, b\u00e5de fysisk og psykisk, der ikke uds\u00e6tter selskabets medarbejdere for fare, skade eller un\u00f8dige belastninger.<\/li>\n<li>At selskabet overholder g\u00e6ldende regler, herunder betaler skatter, afgifter og andre pligtige ydelser til offentlige myndigheder, handler i overensstemmelse med god forretningsskik og i \u00f8vrigt handler ansvarligt over for det omgivende samfund.<\/li>\n<\/ul>\n<h2>4. P\u00e5virkning af afkast<\/h2>\n<h3>4.1<\/h3>\n<p>Det er vores forventning, at den reduktion af b\u00e6redygtighedsrisici, som vores ovenn\u00e6vnte investeringspolitik og beslutningsproces indeb\u00e6rer, vil betyde en reduktion af den samlede risiko i vores fonde og dermed \u2013 alt andet lige \u2013 et forbedret afkast i forhold til risiko (risk-return).<\/p>\n<h2>5. Afl\u00f8nningspolitik<\/h2>\n<h3>5.1<\/h3>\n<p>Integrationen af vurdering af b\u00e6redygtighed og fravalg af b\u00e6redygtighedsrisici i vores investeringspolitik og beslutninger, jf. ovenfor, indg\u00e5r ikke som element i vores afl\u00f8nningspolitik, men er omfattet af de relevante medarbejderes ansvar.<\/p>\n<\/div><\/div>\n<\/section>","protected":false},"excerpt":{"rendered":"<p>Politik for b\u00e6redygtige investeringer hos Nordic Bloom P\/S 1. Definition Det er vores politik, at Nordic Bloom P\/S i sin beslutningsproces vedr\u00f8rende enhver investering, inddrager en vurdering af investeringens b\u00e6redygtighed og frav\u00e6lger investeringer, der indeb\u00e6rer s\u00e6rlige b\u00e6redygtighedsrisici. 1.1 Ved b\u00e6redygtige investeringer forst\u00e5s i henhold til EU-forordning 2019\/2088 af 27. november 2019: \u201dEn investering i en [&hellip;]<\/p>","protected":false},"author":1,"featured_media":0,"parent":0,"menu_order":0,"comment_status":"closed","ping_status":"closed","template":"","meta":{"_acf_changed":false,"_breakdance_hide_in_design_set":false,"_breakdance_tags":"","footnotes":""},"acf":[],"yoast_head":"<!-- This site is optimized with the Yoast SEO plugin v22.5 - https:\/\/yoast.com\/wordpress\/plugins\/seo\/ -->\n<title>B\u00e6redygtighed - Nordic Bloom<\/title>\n<meta name=\"robots\" content=\"noindex, follow, max-snippet:-1, max-image-preview:large, max-video-preview:-1\" \/>\n<meta property=\"og:locale\" content=\"en_GB\" \/>\n<meta property=\"og:type\" content=\"article\" \/>\n<meta property=\"og:title\" content=\"B\u00e6redygtighed - Nordic Bloom\" \/>\n<meta property=\"og:description\" content=\"Politik for b\u00e6redygtige investeringer hos Nordic Bloom P\/S 1. Definition Det er vores politik, at Nordic Bloom P\/S i sin beslutningsproces vedr\u00f8rende enhver investering, inddrager en vurdering af investeringens b\u00e6redygtighed og frav\u00e6lger investeringer, der indeb\u00e6rer s\u00e6rlige b\u00e6redygtighedsrisici. 1.1 Ved b\u00e6redygtige investeringer forst\u00e5s i henhold til EU-forordning 2019\/2088 af 27. november 2019: \u201dEn investering i en [&hellip;]\" \/>\n<meta property=\"og:url\" content=\"https:\/\/www.staging.nordicbloomfunds.eu\/en\/baeredygtighed\/\" \/>\n<meta property=\"og:site_name\" content=\"Nordic Bloom\" \/>\n<meta property=\"article:modified_time\" content=\"2024-06-04T11:28:19+00:00\" \/>\n<meta name=\"twitter:card\" content=\"summary_large_image\" \/>\n<script type=\"application\/ld+json\" class=\"yoast-schema-graph\">{\"@context\":\"https:\/\/schema.org\",\"@graph\":[{\"@type\":\"WebPage\",\"@id\":\"https:\/\/www.staging.nordicbloomfunds.eu\/baeredygtighed\/\",\"url\":\"https:\/\/www.staging.nordicbloomfunds.eu\/baeredygtighed\/\",\"name\":\"B\u00e6redygtighed - Nordic Bloom\",\"isPartOf\":{\"@id\":\"https:\/\/www.staging.nordicbloomfunds.eu\/#website\"},\"datePublished\":\"2024-06-04T11:26:18+00:00\",\"dateModified\":\"2024-06-04T11:28:19+00:00\",\"breadcrumb\":{\"@id\":\"https:\/\/www.staging.nordicbloomfunds.eu\/baeredygtighed\/#breadcrumb\"},\"inLanguage\":\"en-GB\",\"potentialAction\":[{\"@type\":\"ReadAction\",\"target\":[\"https:\/\/www.staging.nordicbloomfunds.eu\/baeredygtighed\/\"]}]},{\"@type\":\"BreadcrumbList\",\"@id\":\"https:\/\/www.staging.nordicbloomfunds.eu\/baeredygtighed\/#breadcrumb\",\"itemListElement\":[{\"@type\":\"ListItem\",\"position\":1,\"name\":\"Home\",\"item\":\"https:\/\/www.staging.nordicbloomfunds.eu\/\"},{\"@type\":\"ListItem\",\"position\":2,\"name\":\"B\u00e6redygtighed\"}]},{\"@type\":\"WebSite\",\"@id\":\"https:\/\/www.staging.nordicbloomfunds.eu\/#website\",\"url\":\"https:\/\/www.staging.nordicbloomfunds.eu\/\",\"name\":\"Nordic Bloom\",\"description\":\"\",\"potentialAction\":[{\"@type\":\"SearchAction\",\"target\":{\"@type\":\"EntryPoint\",\"urlTemplate\":\"https:\/\/www.staging.nordicbloomfunds.eu\/?s={search_term_string}\"},\"query-input\":\"required name=search_term_string\"}],\"inLanguage\":\"en-GB\"}]}<\/script>\n<!-- \/ Yoast SEO plugin. -->","yoast_head_json":{"title":"B\u00e6redygtighed - Nordic Bloom","robots":{"index":"noindex","follow":"follow","max-snippet":"max-snippet:-1","max-image-preview":"max-image-preview:large","max-video-preview":"max-video-preview:-1"},"og_locale":"en_GB","og_type":"article","og_title":"B\u00e6redygtighed - Nordic Bloom","og_description":"Politik for b\u00e6redygtige investeringer hos Nordic Bloom P\/S 1. Definition Det er vores politik, at Nordic Bloom P\/S i sin beslutningsproces vedr\u00f8rende enhver investering, inddrager en vurdering af investeringens b\u00e6redygtighed og frav\u00e6lger investeringer, der indeb\u00e6rer s\u00e6rlige b\u00e6redygtighedsrisici. 1.1 Ved b\u00e6redygtige investeringer forst\u00e5s i henhold til EU-forordning 2019\/2088 af 27. november 2019: \u201dEn investering i en [&hellip;]","og_url":"https:\/\/www.staging.nordicbloomfunds.eu\/en\/baeredygtighed\/","og_site_name":"Nordic Bloom","article_modified_time":"2024-06-04T11:28:19+00:00","twitter_card":"summary_large_image","schema":{"@context":"https:\/\/schema.org","@graph":[{"@type":"WebPage","@id":"https:\/\/www.staging.nordicbloomfunds.eu\/baeredygtighed\/","url":"https:\/\/www.staging.nordicbloomfunds.eu\/baeredygtighed\/","name":"B\u00e6redygtighed - Nordic Bloom","isPartOf":{"@id":"https:\/\/www.staging.nordicbloomfunds.eu\/#website"},"datePublished":"2024-06-04T11:26:18+00:00","dateModified":"2024-06-04T11:28:19+00:00","breadcrumb":{"@id":"https:\/\/www.staging.nordicbloomfunds.eu\/baeredygtighed\/#breadcrumb"},"inLanguage":"en-GB","potentialAction":[{"@type":"ReadAction","target":["https:\/\/www.staging.nordicbloomfunds.eu\/baeredygtighed\/"]}]},{"@type":"BreadcrumbList","@id":"https:\/\/www.staging.nordicbloomfunds.eu\/baeredygtighed\/#breadcrumb","itemListElement":[{"@type":"ListItem","position":1,"name":"Home","item":"https:\/\/www.staging.nordicbloomfunds.eu\/"},{"@type":"ListItem","position":2,"name":"B\u00e6redygtighed"}]},{"@type":"WebSite","@id":"https:\/\/www.staging.nordicbloomfunds.eu\/#website","url":"https:\/\/www.staging.nordicbloomfunds.eu\/","name":"Nordic Bloom","description":"","potentialAction":[{"@type":"SearchAction","target":{"@type":"EntryPoint","urlTemplate":"https:\/\/www.staging.nordicbloomfunds.eu\/?s={search_term_string}"},"query-input":"required name=search_term_string"}],"inLanguage":"en-GB"}]}},"_links":{"self":[{"href":"https:\/\/www.staging.nordicbloomfunds.eu\/en\/wp-json\/wp\/v2\/pages\/2249"}],"collection":[{"href":"https:\/\/www.staging.nordicbloomfunds.eu\/en\/wp-json\/wp\/v2\/pages"}],"about":[{"href":"https:\/\/www.staging.nordicbloomfunds.eu\/en\/wp-json\/wp\/v2\/types\/page"}],"author":[{"embeddable":true,"href":"https:\/\/www.staging.nordicbloomfunds.eu\/en\/wp-json\/wp\/v2\/users\/1"}],"replies":[{"embeddable":true,"href":"https:\/\/www.staging.nordicbloomfunds.eu\/en\/wp-json\/wp\/v2\/comments?post=2249"}],"version-history":[{"count":2,"href":"https:\/\/www.staging.nordicbloomfunds.eu\/en\/wp-json\/wp\/v2\/pages\/2249\/revisions"}],"predecessor-version":[{"id":2251,"href":"https:\/\/www.staging.nordicbloomfunds.eu\/en\/wp-json\/wp\/v2\/pages\/2249\/revisions\/2251"}],"wp:attachment":[{"href":"https:\/\/www.staging.nordicbloomfunds.eu\/en\/wp-json\/wp\/v2\/media?parent=2249"}],"curies":[{"name":"wp","href":"https:\/\/api.w.org\/{rel}","templated":true}]}}