{"id":2245,"date":"2024-06-04T13:16:43","date_gmt":"2024-06-04T11:16:43","guid":{"rendered":"https:\/\/nordic.hurtigtilbud.dk\/?page_id=2245"},"modified":"2024-06-04T13:24:37","modified_gmt":"2024-06-04T11:24:37","slug":"skatteforhold","status":"publish","type":"page","link":"https:\/\/www.staging.nordicbloomfunds.eu\/en\/skatteforhold\/","title":{"rendered":"Skatteforhold"},"content":{"rendered":"<section class=\"bde-section-2245-100 bde-section\">\n              \n  \n\t\n\n  <div class=\"section-background-overlay\"><\/div>\n\n\n<div class=\"section-container\"><h1 class=\"bde-heading-2245-101 bde-heading\">\nNordic Bloom P\/S - Skatteforhold\n<\/h1><\/div>\n<\/section><section class=\"bde-section-2245-102 bde-section\">\n  \n\t\n\n\n\n<div class=\"section-container\"><div class=\"bde-rich-text-2245-103 bde-rich-text breakdance-rich-text-styles\">\n<p>Investeringer foretaget i vores fonde, som vi har valgt at registrere som aktiebaserede investeringsselskaber, beskattes som udgangspunkt som f\u00f8lger:<\/p>\n<ul>\n<li><strong>Private frie midler:<\/strong> Beskatning sker som aktieindkomst, skattesats 27 til 42 %, mulighed for lagerbeskatning<\/li>\n<li><strong>Pensionsmidler:<\/strong> Beskatning sker efter pensionsafkastbeskatningsloven, skattesats 15 %, lagerbeskatning<\/li>\n<li><strong>Virksomhedsmidler:<\/strong> Beskatning efter virksomhedsskatteloven, skattesats 22 %, lagerbeskatning<\/li>\n<li><strong>Selskabsmidler:<\/strong> Beskatning efter selskabsskatteloven, skattesats 22 %, lagerbeskatning<\/li>\n<\/ul>\n<p>Vi g\u00f8r opm\u00e6rksom p\u00e5, at ansvar og risiko for de skattem\u00e6ssige konsekvenser for investor af investering i vores fonde er investors alene. Vi tager ikke ansvar eller risiko for den skattem\u00e6ssige stilling.<\/p>\n<\/div><\/div>\n<\/section>","protected":false},"excerpt":{"rendered":"<p>Nordic Bloom P\/S &#8211; Skatteforhold Investeringer foretaget i vores fonde, som vi har valgt at registrere som aktiebaserede investeringsselskaber, beskattes som udgangspunkt som f\u00f8lger: Private frie midler: Beskatning sker som aktieindkomst, skattesats 27 til 42 %, mulighed for lagerbeskatning Pensionsmidler: Beskatning sker efter pensionsafkastbeskatningsloven, skattesats 15 %, lagerbeskatning Virksomhedsmidler: Beskatning efter virksomhedsskatteloven, skattesats 22 %, [&hellip;]<\/p>","protected":false},"author":1,"featured_media":0,"parent":0,"menu_order":0,"comment_status":"closed","ping_status":"closed","template":"","meta":{"_acf_changed":false,"_breakdance_hide_in_design_set":false,"_breakdance_tags":"","footnotes":""},"acf":[],"yoast_head":"<!-- This site is optimized with the Yoast SEO plugin v22.5 - https:\/\/yoast.com\/wordpress\/plugins\/seo\/ -->\n<title>Skatteforhold - Nordic Bloom<\/title>\n<meta name=\"robots\" content=\"noindex, follow, max-snippet:-1, max-image-preview:large, max-video-preview:-1\" \/>\n<meta property=\"og:locale\" content=\"en_GB\" \/>\n<meta property=\"og:type\" content=\"article\" \/>\n<meta property=\"og:title\" content=\"Skatteforhold - Nordic Bloom\" \/>\n<meta property=\"og:description\" content=\"Nordic Bloom P\/S - Skatteforhold Investeringer foretaget i vores fonde, som vi har valgt at registrere som aktiebaserede investeringsselskaber, beskattes som udgangspunkt som f\u00f8lger: Private frie midler: Beskatning sker som aktieindkomst, skattesats 27 til 42 %, mulighed for lagerbeskatning Pensionsmidler: Beskatning sker efter pensionsafkastbeskatningsloven, skattesats 15 %, lagerbeskatning Virksomhedsmidler: Beskatning efter virksomhedsskatteloven, skattesats 22 %, [&hellip;]\" \/>\n<meta property=\"og:url\" content=\"https:\/\/www.staging.nordicbloomfunds.eu\/en\/skatteforhold\/\" \/>\n<meta property=\"og:site_name\" content=\"Nordic Bloom\" \/>\n<meta property=\"article:modified_time\" content=\"2024-06-04T11:24:37+00:00\" \/>\n<meta name=\"twitter:card\" content=\"summary_large_image\" \/>\n<script type=\"application\/ld+json\" class=\"yoast-schema-graph\">{\"@context\":\"https:\/\/schema.org\",\"@graph\":[{\"@type\":\"WebPage\",\"@id\":\"https:\/\/www.staging.nordicbloomfunds.eu\/skatteforhold\/\",\"url\":\"https:\/\/www.staging.nordicbloomfunds.eu\/skatteforhold\/\",\"name\":\"Skatteforhold - Nordic Bloom\",\"isPartOf\":{\"@id\":\"https:\/\/www.staging.nordicbloomfunds.eu\/#website\"},\"datePublished\":\"2024-06-04T11:16:43+00:00\",\"dateModified\":\"2024-06-04T11:24:37+00:00\",\"breadcrumb\":{\"@id\":\"https:\/\/www.staging.nordicbloomfunds.eu\/skatteforhold\/#breadcrumb\"},\"inLanguage\":\"en-GB\",\"potentialAction\":[{\"@type\":\"ReadAction\",\"target\":[\"https:\/\/www.staging.nordicbloomfunds.eu\/skatteforhold\/\"]}]},{\"@type\":\"BreadcrumbList\",\"@id\":\"https:\/\/www.staging.nordicbloomfunds.eu\/skatteforhold\/#breadcrumb\",\"itemListElement\":[{\"@type\":\"ListItem\",\"position\":1,\"name\":\"Home\",\"item\":\"https:\/\/www.staging.nordicbloomfunds.eu\/\"},{\"@type\":\"ListItem\",\"position\":2,\"name\":\"Skatteforhold\"}]},{\"@type\":\"WebSite\",\"@id\":\"https:\/\/www.staging.nordicbloomfunds.eu\/#website\",\"url\":\"https:\/\/www.staging.nordicbloomfunds.eu\/\",\"name\":\"Nordic Bloom\",\"description\":\"\",\"potentialAction\":[{\"@type\":\"SearchAction\",\"target\":{\"@type\":\"EntryPoint\",\"urlTemplate\":\"https:\/\/www.staging.nordicbloomfunds.eu\/?s={search_term_string}\"},\"query-input\":\"required name=search_term_string\"}],\"inLanguage\":\"en-GB\"}]}<\/script>\n<!-- \/ Yoast SEO plugin. -->","yoast_head_json":{"title":"Skatteforhold - Nordic Bloom","robots":{"index":"noindex","follow":"follow","max-snippet":"max-snippet:-1","max-image-preview":"max-image-preview:large","max-video-preview":"max-video-preview:-1"},"og_locale":"en_GB","og_type":"article","og_title":"Skatteforhold - Nordic Bloom","og_description":"Nordic Bloom P\/S - Skatteforhold Investeringer foretaget i vores fonde, som vi har valgt at registrere som aktiebaserede investeringsselskaber, beskattes som udgangspunkt som f\u00f8lger: Private frie midler: Beskatning sker som aktieindkomst, skattesats 27 til 42 %, mulighed for lagerbeskatning Pensionsmidler: Beskatning sker efter pensionsafkastbeskatningsloven, skattesats 15 %, lagerbeskatning Virksomhedsmidler: Beskatning efter virksomhedsskatteloven, skattesats 22 %, [&hellip;]","og_url":"https:\/\/www.staging.nordicbloomfunds.eu\/en\/skatteforhold\/","og_site_name":"Nordic Bloom","article_modified_time":"2024-06-04T11:24:37+00:00","twitter_card":"summary_large_image","schema":{"@context":"https:\/\/schema.org","@graph":[{"@type":"WebPage","@id":"https:\/\/www.staging.nordicbloomfunds.eu\/skatteforhold\/","url":"https:\/\/www.staging.nordicbloomfunds.eu\/skatteforhold\/","name":"Skatteforhold - Nordic Bloom","isPartOf":{"@id":"https:\/\/www.staging.nordicbloomfunds.eu\/#website"},"datePublished":"2024-06-04T11:16:43+00:00","dateModified":"2024-06-04T11:24:37+00:00","breadcrumb":{"@id":"https:\/\/www.staging.nordicbloomfunds.eu\/skatteforhold\/#breadcrumb"},"inLanguage":"en-GB","potentialAction":[{"@type":"ReadAction","target":["https:\/\/www.staging.nordicbloomfunds.eu\/skatteforhold\/"]}]},{"@type":"BreadcrumbList","@id":"https:\/\/www.staging.nordicbloomfunds.eu\/skatteforhold\/#breadcrumb","itemListElement":[{"@type":"ListItem","position":1,"name":"Home","item":"https:\/\/www.staging.nordicbloomfunds.eu\/"},{"@type":"ListItem","position":2,"name":"Skatteforhold"}]},{"@type":"WebSite","@id":"https:\/\/www.staging.nordicbloomfunds.eu\/#website","url":"https:\/\/www.staging.nordicbloomfunds.eu\/","name":"Nordic Bloom","description":"","potentialAction":[{"@type":"SearchAction","target":{"@type":"EntryPoint","urlTemplate":"https:\/\/www.staging.nordicbloomfunds.eu\/?s={search_term_string}"},"query-input":"required name=search_term_string"}],"inLanguage":"en-GB"}]}},"_links":{"self":[{"href":"https:\/\/www.staging.nordicbloomfunds.eu\/en\/wp-json\/wp\/v2\/pages\/2245"}],"collection":[{"href":"https:\/\/www.staging.nordicbloomfunds.eu\/en\/wp-json\/wp\/v2\/pages"}],"about":[{"href":"https:\/\/www.staging.nordicbloomfunds.eu\/en\/wp-json\/wp\/v2\/types\/page"}],"author":[{"embeddable":true,"href":"https:\/\/www.staging.nordicbloomfunds.eu\/en\/wp-json\/wp\/v2\/users\/1"}],"replies":[{"embeddable":true,"href":"https:\/\/www.staging.nordicbloomfunds.eu\/en\/wp-json\/wp\/v2\/comments?post=2245"}],"version-history":[{"count":3,"href":"https:\/\/www.staging.nordicbloomfunds.eu\/en\/wp-json\/wp\/v2\/pages\/2245\/revisions"}],"predecessor-version":[{"id":2248,"href":"https:\/\/www.staging.nordicbloomfunds.eu\/en\/wp-json\/wp\/v2\/pages\/2245\/revisions\/2248"}],"wp:attachment":[{"href":"https:\/\/www.staging.nordicbloomfunds.eu\/en\/wp-json\/wp\/v2\/media?parent=2245"}],"curies":[{"name":"wp","href":"https:\/\/api.w.org\/{rel}","templated":true}]}}