{"id":2242,"date":"2024-06-04T13:13:29","date_gmt":"2024-06-04T11:13:29","guid":{"rendered":"https:\/\/nordic.hurtigtilbud.dk\/?page_id=2242"},"modified":"2024-06-04T13:15:23","modified_gmt":"2024-06-04T11:15:23","slug":"forretningsbetingelser","status":"publish","type":"page","link":"https:\/\/www.staging.nordicbloomfunds.eu\/en\/forretningsbetingelser\/","title":{"rendered":"Forretningsbetingelser"},"content":{"rendered":"<section class=\"bde-section-2242-100 bde-section\">\n              \n  \n\t\n\n  <div class=\"section-background-overlay\"><\/div>\n\n\n<div class=\"section-container\"><h1 class=\"bde-heading-2242-101 bde-heading\">\nForretningsbetingelser for Nordic Bloom P\/S\n<\/h1><\/div>\n<\/section><section class=\"bde-section-2242-102 bde-section\">\n  \n\t\n\n\n\n<div class=\"section-container\"><div class=\"bde-rich-text-2242-103 bde-rich-text breakdance-rich-text-styles\">\n<h2>1. ANVENDELSE<\/h2>\n<h3>1.1<\/h3>\n<p>Disse forretningsbetingelser (\u201dForretningsbetingelser\u201d) finder anvendelse for enhver markedsf\u00f8ring og forvaltning, som Nordic Bloom P\/S foretager over for en potentiel eller aktuel investor. Forretningsbetingelserne finder desuden anvendelse p\u00e5 enhver investering, som en investor foretager gennem Nordic Bloom P\/S, herunder i enhver fond udbudt og\/eller forvaltet af Nordic Bloom.<\/p>\n<h2>2. INVESTORS ANSVAR OG RISIKO<\/h2>\n<h3>2.1<\/h3>\n<p>Selv om det er Nordic Bloom P\/S\u2019 m\u00e5l alene at udbyde og forvalte fonde og \u00f8vrige investeringsprodukter, som giver fortjeneste til investorerne, er der til samtlige investeringer knyttet risiko for tab, du kan l\u00e6se mere herom i informationsmaterialet for den konkrete fond. Nordic Bloom P\/S fraskriver sig ethvert ansvar for denne risiko, som dermed alene p\u00e5hviler investoren.<\/p>\n<h3>2.2<\/h3>\n<p>Selv om Nordic Bloom P\/S har vurderet og oplyst den skattem\u00e6ssige status for \u2013 og de skattem\u00e6ssige konsekvenser for investorerne af \u2013 en investering, der foretages gennem Nordic Bloom P\/S, herunder i fonde udbudt og administreret af Nordic Bloom P\/S, p\u00e5tager Nordic Bloom sig intet ansvar for denne skattem\u00e6ssige stilling og de skattem\u00e6ssige konsekvenser heraf for investor. Ansvaret og risikoen derfor, herunder for skattem\u00e6ssige konsekvenser, er dermed investorens egen.<\/p>\n<h2>3. FORSIKRING<\/h2>\n<h3>3.1<\/h3>\n<p>Nordic Bloom har via [inds\u00e6t] tegnet en professionel ansvarsforsikring, der d\u00e6kker ansvar for Nordic Bloom P\/S og for bestyrelse, direktion og medarbejdere i Nordic Bloom samlet. D\u00e6kningssummen er DKK 10.000.000.<\/p>\n<h2>4. ANSVARSBEGR\u00c6NSNING<\/h2>\n<h3>4.1<\/h3>\n<p>Det professionelle ansvar for Nordic Bloom P\/S og dets enkelte bestyrelsesmedlemmer, direktionsmedlemmer og medarbejdere er for enhver begivenhed begr\u00e6nset til den til enhver tid v\u00e6rende d\u00e6kning under den professionelle ansvarsforsikring, jf. punkt 3.1.<\/p>\n<h3>4.2<\/h3>\n<p>Dette g\u00e6lder uanset om krav s\u00f8ges gennemf\u00f8rt mod Nordic Bloom P\/S, bestyrelsesmedlemmer, direktionsmedlemmer og\/eller enkelte medarbejdere samlet eller delt og uanset om kravet baserer sig p\u00e5 erstatningsansvar i eller uden for kontrakt eller andet grundlag.<\/p>\n<h2>5. TVISTER<\/h2>\n<h3>5.1<\/h3>\n<p>[Kontroller, om den finansielle lovgivning indeholder s\u00e6rlige bestemmelser om tvister, herunder v\u00e6rneting. Kontroller tillige om EU-regler om v\u00e6rneting g\u00f8r det muligt for professionelle og semiprofessionelle investorer at p\u00e5ber\u00e5be sig v\u00e6rneting ved deres hjemting p\u00e5 trods af nedenst\u00e5ende v\u00e6rnetingsklausul]<\/p>\n<h3>5.2<\/h3>\n<p>Retsforholdet mellem potentielle og aktuelle investorer og Nordic Bloom P\/S og\/eller bestyrelses-, direktionsmedlemmer eller medarbejdere deri, er undergivet dansk ret.<\/p>\n<h3>5.3<\/h3>\n<p>Enhver tvist mellem p\u00e5 den ene side en potentiel eller aktuel investor og p\u00e5 den anden side Nordic Bloom P\/S, bestyrelses-, direktionsmedlemmer eller medarbejdere deri skal s\u00f8ges l\u00f8st efter f\u00f8lgende konfliktl\u00f8sningstrappe:<\/p>\n<h4>5.3.1<\/h4>\n<p>Der skal g\u00f8res fors\u00f8g p\u00e5 at l\u00f8se tvisten ved forhandling mellem en ledelsesrepr\u00e6sentant for henholdsvis Nordic Bloom P\/S og investoren, der fra begge sider skal f\u00f8res konstruktivt.<\/p>\n<h4>5.3.2<\/h4>\n<p>S\u00e5fremt dette ikke medf\u00f8rer noget resultat, skal tvisten s\u00f8ges l\u00f8st ved mediation under medvirken af en mediator, der, hvis parterne ikke kan blive enige om udpegningen af denne, udpeges af Danske Advokater.<\/p>\n<h4>5.3.3<\/h4>\n<p>S\u00e5fremt heller ikke dette medf\u00f8rer noget resultat, skal tvisten afg\u00f8res ved de almindelige danske domstole i K\u00f8benhavn.<\/p>\n<\/div><\/div>\n<\/section>","protected":false},"excerpt":{"rendered":"<p>Forretningsbetingelser for Nordic Bloom P\/S 1. ANVENDELSE 1.1 Disse forretningsbetingelser (\u201dForretningsbetingelser\u201d) finder anvendelse for enhver markedsf\u00f8ring og forvaltning, som Nordic Bloom P\/S foretager over for en potentiel eller aktuel investor. Forretningsbetingelserne finder desuden anvendelse p\u00e5 enhver investering, som en investor foretager gennem Nordic Bloom P\/S, herunder i enhver fond udbudt og\/eller forvaltet af Nordic Bloom. [&hellip;]<\/p>","protected":false},"author":1,"featured_media":0,"parent":0,"menu_order":0,"comment_status":"closed","ping_status":"closed","template":"","meta":{"_acf_changed":false,"_breakdance_hide_in_design_set":false,"_breakdance_tags":"","footnotes":""},"acf":[],"yoast_head":"<!-- This site is optimized with the Yoast SEO plugin v22.5 - https:\/\/yoast.com\/wordpress\/plugins\/seo\/ -->\n<title>Forretningsbetingelser - Nordic Bloom<\/title>\n<meta name=\"robots\" content=\"noindex, follow, max-snippet:-1, max-image-preview:large, max-video-preview:-1\" \/>\n<meta property=\"og:locale\" content=\"en_GB\" \/>\n<meta property=\"og:type\" content=\"article\" \/>\n<meta property=\"og:title\" content=\"Forretningsbetingelser - Nordic Bloom\" \/>\n<meta property=\"og:description\" content=\"Forretningsbetingelser for Nordic Bloom P\/S 1. ANVENDELSE 1.1 Disse forretningsbetingelser (\u201dForretningsbetingelser\u201d) finder anvendelse for enhver markedsf\u00f8ring og forvaltning, som Nordic Bloom P\/S foretager over for en potentiel eller aktuel investor. Forretningsbetingelserne finder desuden anvendelse p\u00e5 enhver investering, som en investor foretager gennem Nordic Bloom P\/S, herunder i enhver fond udbudt og\/eller forvaltet af Nordic Bloom. [&hellip;]\" \/>\n<meta property=\"og:url\" content=\"https:\/\/www.staging.nordicbloomfunds.eu\/en\/forretningsbetingelser\/\" \/>\n<meta property=\"og:site_name\" content=\"Nordic Bloom\" \/>\n<meta property=\"article:modified_time\" content=\"2024-06-04T11:15:23+00:00\" \/>\n<meta name=\"twitter:card\" content=\"summary_large_image\" \/>\n<script type=\"application\/ld+json\" class=\"yoast-schema-graph\">{\"@context\":\"https:\/\/schema.org\",\"@graph\":[{\"@type\":\"WebPage\",\"@id\":\"https:\/\/www.staging.nordicbloomfunds.eu\/forretningsbetingelser\/\",\"url\":\"https:\/\/www.staging.nordicbloomfunds.eu\/forretningsbetingelser\/\",\"name\":\"Forretningsbetingelser - Nordic Bloom\",\"isPartOf\":{\"@id\":\"https:\/\/www.staging.nordicbloomfunds.eu\/#website\"},\"datePublished\":\"2024-06-04T11:13:29+00:00\",\"dateModified\":\"2024-06-04T11:15:23+00:00\",\"breadcrumb\":{\"@id\":\"https:\/\/www.staging.nordicbloomfunds.eu\/forretningsbetingelser\/#breadcrumb\"},\"inLanguage\":\"en-GB\",\"potentialAction\":[{\"@type\":\"ReadAction\",\"target\":[\"https:\/\/www.staging.nordicbloomfunds.eu\/forretningsbetingelser\/\"]}]},{\"@type\":\"BreadcrumbList\",\"@id\":\"https:\/\/www.staging.nordicbloomfunds.eu\/forretningsbetingelser\/#breadcrumb\",\"itemListElement\":[{\"@type\":\"ListItem\",\"position\":1,\"name\":\"Home\",\"item\":\"https:\/\/www.staging.nordicbloomfunds.eu\/\"},{\"@type\":\"ListItem\",\"position\":2,\"name\":\"Forretningsbetingelser\"}]},{\"@type\":\"WebSite\",\"@id\":\"https:\/\/www.staging.nordicbloomfunds.eu\/#website\",\"url\":\"https:\/\/www.staging.nordicbloomfunds.eu\/\",\"name\":\"Nordic Bloom\",\"description\":\"\",\"potentialAction\":[{\"@type\":\"SearchAction\",\"target\":{\"@type\":\"EntryPoint\",\"urlTemplate\":\"https:\/\/www.staging.nordicbloomfunds.eu\/?s={search_term_string}\"},\"query-input\":\"required name=search_term_string\"}],\"inLanguage\":\"en-GB\"}]}<\/script>\n<!-- \/ Yoast SEO plugin. -->","yoast_head_json":{"title":"Forretningsbetingelser - Nordic Bloom","robots":{"index":"noindex","follow":"follow","max-snippet":"max-snippet:-1","max-image-preview":"max-image-preview:large","max-video-preview":"max-video-preview:-1"},"og_locale":"en_GB","og_type":"article","og_title":"Forretningsbetingelser - Nordic Bloom","og_description":"Forretningsbetingelser for Nordic Bloom P\/S 1. ANVENDELSE 1.1 Disse forretningsbetingelser (\u201dForretningsbetingelser\u201d) finder anvendelse for enhver markedsf\u00f8ring og forvaltning, som Nordic Bloom P\/S foretager over for en potentiel eller aktuel investor. Forretningsbetingelserne finder desuden anvendelse p\u00e5 enhver investering, som en investor foretager gennem Nordic Bloom P\/S, herunder i enhver fond udbudt og\/eller forvaltet af Nordic Bloom. [&hellip;]","og_url":"https:\/\/www.staging.nordicbloomfunds.eu\/en\/forretningsbetingelser\/","og_site_name":"Nordic Bloom","article_modified_time":"2024-06-04T11:15:23+00:00","twitter_card":"summary_large_image","schema":{"@context":"https:\/\/schema.org","@graph":[{"@type":"WebPage","@id":"https:\/\/www.staging.nordicbloomfunds.eu\/forretningsbetingelser\/","url":"https:\/\/www.staging.nordicbloomfunds.eu\/forretningsbetingelser\/","name":"Forretningsbetingelser - Nordic Bloom","isPartOf":{"@id":"https:\/\/www.staging.nordicbloomfunds.eu\/#website"},"datePublished":"2024-06-04T11:13:29+00:00","dateModified":"2024-06-04T11:15:23+00:00","breadcrumb":{"@id":"https:\/\/www.staging.nordicbloomfunds.eu\/forretningsbetingelser\/#breadcrumb"},"inLanguage":"en-GB","potentialAction":[{"@type":"ReadAction","target":["https:\/\/www.staging.nordicbloomfunds.eu\/forretningsbetingelser\/"]}]},{"@type":"BreadcrumbList","@id":"https:\/\/www.staging.nordicbloomfunds.eu\/forretningsbetingelser\/#breadcrumb","itemListElement":[{"@type":"ListItem","position":1,"name":"Home","item":"https:\/\/www.staging.nordicbloomfunds.eu\/"},{"@type":"ListItem","position":2,"name":"Forretningsbetingelser"}]},{"@type":"WebSite","@id":"https:\/\/www.staging.nordicbloomfunds.eu\/#website","url":"https:\/\/www.staging.nordicbloomfunds.eu\/","name":"Nordic Bloom","description":"","potentialAction":[{"@type":"SearchAction","target":{"@type":"EntryPoint","urlTemplate":"https:\/\/www.staging.nordicbloomfunds.eu\/?s={search_term_string}"},"query-input":"required name=search_term_string"}],"inLanguage":"en-GB"}]}},"_links":{"self":[{"href":"https:\/\/www.staging.nordicbloomfunds.eu\/en\/wp-json\/wp\/v2\/pages\/2242"}],"collection":[{"href":"https:\/\/www.staging.nordicbloomfunds.eu\/en\/wp-json\/wp\/v2\/pages"}],"about":[{"href":"https:\/\/www.staging.nordicbloomfunds.eu\/en\/wp-json\/wp\/v2\/types\/page"}],"author":[{"embeddable":true,"href":"https:\/\/www.staging.nordicbloomfunds.eu\/en\/wp-json\/wp\/v2\/users\/1"}],"replies":[{"embeddable":true,"href":"https:\/\/www.staging.nordicbloomfunds.eu\/en\/wp-json\/wp\/v2\/comments?post=2242"}],"version-history":[{"count":2,"href":"https:\/\/www.staging.nordicbloomfunds.eu\/en\/wp-json\/wp\/v2\/pages\/2242\/revisions"}],"predecessor-version":[{"id":2244,"href":"https:\/\/www.staging.nordicbloomfunds.eu\/en\/wp-json\/wp\/v2\/pages\/2242\/revisions\/2244"}],"wp:attachment":[{"href":"https:\/\/www.staging.nordicbloomfunds.eu\/en\/wp-json\/wp\/v2\/media?parent=2242"}],"curies":[{"name":"wp","href":"https:\/\/api.w.org\/{rel}","templated":true}]}}