{"id":2228,"date":"2024-06-04T10:32:08","date_gmt":"2024-06-04T08:32:08","guid":{"rendered":"https:\/\/nordic.hurtigtilbud.dk\/?page_id=2228"},"modified":"2024-06-04T12:38:12","modified_gmt":"2024-06-04T10:38:12","slug":"persondatapolitik","status":"publish","type":"page","link":"https:\/\/www.staging.nordicbloomfunds.eu\/en\/persondatapolitik\/","title":{"rendered":"Persondatapolitik"},"content":{"rendered":"<section class=\"bde-section-2228-113 bde-section\">\n              \n  \n\t\n\n  <div class=\"section-background-overlay\"><\/div>\n\n\n<div class=\"section-container\"><h1 class=\"bde-heading-2228-119 bde-heading\">\nPersondatapolitik for Nordic Bloom P\/S\n<\/h1><\/div>\n<\/section><section class=\"bde-section-2228-100 bde-section\">\n  \n\t\n\n\n\n<div class=\"section-container\"><div class=\"bde-rich-text-2228-101 bde-rich-text breakdance-rich-text-styles\">\n<h2>1. INDLEDNING<\/h2>\n<h3>1.1 Databeskyttelse<\/h3>\n<h4>1.1.1<\/h4>\n<p>Som led i vores virksomhed behandler vi personhenf\u00f8rbare oplysninger (persondata) om dig som vores kunde og har derfor vedtaget denne databeskyttelsespolitik, der beskriver, hvorledes dine data behandles, og hvilke rettigheder du har som registreret.<\/p>\n<h4>1.1.2<\/h4>\n<p>For at beskytte dine persondata bedst muligt vurderer vi, hvor h\u00f8j risikoen er for, at vores databehandling p\u00e5virker dine grundl\u00e6ggende rettigheder negativt. I den forbindelse behandler vi dine persondata ud fra f\u00f8lgende grundl\u00e6ggende principper:<\/p>\n<ul>\n<li>Behandlingen sker p\u00e5 en lovlig, rimelig og gennemsigtig m\u00e5de i forhold til dig<\/li>\n<li>Behandlingen er underlagt en form\u00e5lsbegr\u00e6nsning<\/li>\n<li>Behandlingen sker ud fra et princip om dataminimering<\/li>\n<li>Behandlingen sker ud fra et princip om rigtighed, der skal sikre, at de data, vi behandler om dig, er korrekte og ajourf\u00f8rte<\/li>\n<li>Behandlingen sker ud fra et princip om opbevaringsbegr\u00e6nsning<\/li>\n<li>Behandlingen sker ud fra et princip om integritet og fortrolighed<\/li>\n<\/ul>\n<h3>1.2 Dataansvarlig<\/h3>\n<h4>1.2.1<\/h4>\n<p>Den ansvarlige for behandlingen af dine persondata er Nordic Bloom P\/S, CVR-nr. 43 01 78 37, Tuborg Boulevard 5, 2900 Hellerup.<\/p>\n<h4>1.2.2<\/h4>\n<p>Det er s\u00e5ledes denne virksomhed, der er ansvarlig for at sikre, at dine persondata behandles i overensstemmelse med Europa Parlamentets og r\u00e5dets forordning (EU) 2016\/679 af 27. april 2016 (databeskyttelsesforordningen) og g\u00e6ldende dansk national lovgivning herom.<\/p>\n<h4>1.2.3<\/h4>\n<p>Hvis du har sp\u00f8rgsm\u00e5l vedr\u00f8rende behandlingen af persondata i virksomheden, bedes du kontakte Torben Mauritzen, Chief Compliance Officer, p\u00e5 <a rel=\"noreferrer\">tm@nordicbloomfunds.com<\/a>.<\/p>\n<h2>2. GENERELT OM VORES BEHANDLING AF PERSONDATA<\/h2>\n<h3>2.1 Behandling af persondata<\/h3>\n<h4>2.1.1<\/h4>\n<p>Behandling af persondata sker som en del af vores markedsf\u00f8ring af, r\u00e5dgivning om og forvaltning af de investeringsprodukter, som vi udbyder og forvalter, herunder i forbindelse med kontakten til dig som potentiel eller aktuel kunde.<\/p>\n<h3>2.2 Typer af persondata<\/h3>\n<h4>2.2.1<\/h4>\n<p>Typer af persondata, som vi behandler om dig, er:<\/p>\n<ul>\n<li>Navn<\/li>\n<li>E-mailadresse<\/li>\n<li>Adresse<\/li>\n<li>Telefonnummer<\/li>\n<li>CPR-nr.<\/li>\n<li>Formueforhold<\/li>\n<li>Skatteforhold<\/li>\n<li>Bankoplysninger<\/li>\n<\/ul>\n<h4>2.2.2<\/h4>\n<p>Vi behandler ikke s\u00e6rlige persondata (personf\u00f8lsomme data) om dig, der omfatter:<\/p>\n<ul>\n<li>Racem\u00e6ssig eller etnisk baggrund<\/li>\n<li>Politisk, religi\u00f8s og filosofisk overbevisning<\/li>\n<li>Fagforeningsm\u00e6ssige tilh\u00f8rsforhold<\/li>\n<li>Behandling af generiske eller biometriske data med henblik p\u00e5 unik identifikation<\/li>\n<li>Helbredsm\u00e6ssige og seksuelle forhold<\/li>\n<\/ul>\n<h3>2.3 Form\u00e5let med behandlingen af persondata, samt det juridiske grundlag herfor<\/h3>\n<h4>2.3.1<\/h4>\n<p>Vi indsamler og opbevarer dine data til specifikke og legitime form\u00e5l, for eksempel:<\/p>\n<ul>\n<li>N\u00e5r vi skal bruge oplysningerne til vores r\u00e5dgivning af dig som potentiel eller aktuel kunde<\/li>\n<li>N\u00e5r vi registrerer dig som kunde eller kontaktperson med henblik p\u00e5 den l\u00f8bende korrespondance, pengeoverf\u00f8rsler, registrering af ejerandele i vores investeringsprodukter m.v.<\/li>\n<li>Til opfyldelse af vores forpligtelser til at indhente oplysninger i henhold til Hvidvaskloven<\/li>\n<\/ul>\n<h4>2.3.2<\/h4>\n<p>N\u00e5r vi indhenter oplysningerne hos dig, eller hos tredjepart vil du blive oplyst om, at vi indhenter oplysningerne, og til hvilke konkrete form\u00e5l.<\/p>\n<h4>2.3.3<\/h4>\n<p>Hvis vi senere har brug for at benytte oplysningerne til et andet form\u00e5l end det oplyste, vil vi kontakte dig og indhente dit samtykke hertil.<\/p>\n<h4>2.3.4<\/h4>\n<p>Vores hjemmel (retsgrundlag) for at behandle dine persondata vil typisk v\u00e6re:<\/p>\n<ul>\n<li>Databeskyttelsesforordningens art. 6, stk. 1, a: Samtykke<\/li>\n<li>Databeskyttelsesforordningens art. 6, stk. 1, b: Opfyldelse af kontrakt<\/li>\n<li>Databeskyttelsesforordningens art. 6, stk. 1, c: Retlig forpligtelse<\/li>\n<li>Databeskyttelsesforordningens art. 6, stk. 1, d: Beskyttelse af dine eller andre private personers eller vitale interesser<\/li>\n<li>Databeskyttelsesforordningens art. 6, stk. 1, f: Interesseafvejning<\/li>\n<\/ul>\n<h4>2.3.5<\/h4>\n<p>I forbindelse med indhentelsen af dine persondata vil du blive oplyst om, hvilke(n) hjemmel, der ligger til grund for behandlingen.<\/p>\n<h3>2.4 Omfanget af data<\/h3>\n<h4>2.4.1<\/h4>\n<p>Inden vi behandler dine persondata, unders\u00f8ger vi, om det er muligt at minimere m\u00e6ngden af persondata i forhold til form\u00e5let med behandlingen. Vi unders\u00f8ger ogs\u00e5, om nogle af de datatyper, vi bruger, kan bruges i anonym eller pseudonymiseret form. Det er muligt, hvis det ikke p\u00e5virker vores retlige forpligtelser eller vores daglige drift negativt.<\/p>\n<h4>2.4.2<\/h4>\n<p>Vi indsamler, behandler og opbevarer kun de persondata, der er n\u00f8dvendige for at opfylde det tilsigtede form\u00e5l, herunder opfylde kontrakt eller anden juridisk forpligtelse.<\/p>\n<h3>2.5 Kontrol<\/h3>\n<h4>2.5.1<\/h4>\n<p>Vi kontrollerer l\u00f8bende, at dine persondata ikke er forkerte eller vildledende i det omfang, det er muligt. I den forbindelse beder vi dig oplyse os om relevante \u00e6ndringer i dine persondata.<\/p>\n<h2>3. SIKKERHED<\/h2>\n<h3>3.1<\/h3>\n<p>For at beskytte dig mod, at uvedkommende kan f\u00e5 adgang til dine persondata, bruger vi IT-l\u00f8sninger, som automatisk sikrer, at data kun er tilg\u00e6ngelige for relevante personer.<\/p>\n<h3>3.2<\/h3>\n<p>Desuden har vi i Nordic Bloom P\/S vedtaget interne procedurer og politikker vedr\u00f8rende informationssikkerhed. Disse procedurer og politikker indeholder instruktioner og handlinger, der beskytter dine data mod at blive \u00f8delagt, tabt, \u00e6ndret, offentliggjort og mod uautoriseret adgang eller deling.<\/p>\n<h2>4. VIDEREGIVELSE AF PERSONDATA<\/h2>\n<h3>4.1<\/h3>\n<p>Som led i vores virksomhed er vi til tider forpligtede til at videregive persondata til tredjeparter. Dette kan eksempelvis v\u00e6re i forbindelse med lovpligtige indberetninger til offentlige myndigheder.<\/p>\n<h3>4.2<\/h3>\n<p>Tredjeparter omfatter eksempelvis:<\/p>\n<ul>\n<li>Erhvervsstyrelsen (typisk registeret over legale og ultimative ejere)<\/li>\n<li>De danske skattemyndigheder<\/li>\n<li>Skattemyndighederne i de lande, hvor investeringer foretages gennem vores investeringsprodukter (f.eks. IRS, de amerikanske skattemyndigheder)<\/li>\n<li>Finanstilsynet<\/li>\n<li>Nationalbanken<\/li>\n<li>Pensionsselskab, s\u00e5fremt kunden har investeret pensionsmidler<\/li>\n<\/ul>\n<h3>4.3<\/h3>\n<p>Videregivelse af persondata til en tredjepart vil altid v\u00e6re retligt begrundet og\/eller n\u00f8dvendige for at varetage dine eller din virksomheds interesser.<\/p>\n<h2>5. DINE RETTIGHEDER<\/h2>\n<h3>5.1 Indsigtsret<\/h3>\n<h4>5.1.1<\/h4>\n<p>Du kan p\u00e5 anmodning f\u00e5 indsigt i hvilke persondata og kategori af persondata, vi behandler om dig, og hvad form\u00e5let med behandlingen er, hvis du ikke allerede er oplyst herom. Du kan ogs\u00e5 f\u00e5 indsigt i, hvor l\u00e6nge vi opbevarer dine persondata, og hvem der i \u00f8vrigt har adgang til dine persondata.<\/p>\n<h3>5.2 Indsigelsesret<\/h3>\n<h4>5.2.1<\/h4>\n<p>Du kan til enhver tid g\u00f8re indsigelse mod behandlingen af dine persondata og tr\u00e6kke et tidligere udstedt samtykke til behandling af dine persondata tilbage.<\/p>\n<h4>5.2.2<\/h4>\n<p>Du skal dog v\u00e6re opm\u00e6rksom p\u00e5, at der vil v\u00e6re visse persondata, som vi vil kunne behandle uden dit samtykke, hvis vi har en berettiget interesse, og hvis beskyttelsen af dine interesser ikke overstiger denne interesse.<\/p>\n<h3>5.3 Ret til berigtigelse<\/h3>\n<h4>5.3.1<\/h4>\n<p>Hvis du mener, at de persondata, vi behandler om dig, er un\u00f8jagtige eller vildledende, har du ret til at f\u00e5 dem rettet. Du skal i den forbindelse kontakte Torben Mauritzen, Chief Compliance Officer, p\u00e5 <a rel=\"noreferrer\">tm@nordicbloomfunds.com<\/a>.<\/p>\n<h3>5.4 Ret til at f\u00e5 persondata begr\u00e6nset\/eller slettet<\/h3>\n<h4>5.4.1<\/h4>\n<p>S\u00e5 l\u00e6nge, at du er kunde hos os og op til 10 \u00e5r efter, at kundeforholdet er oph\u00f8rt, opbevarer vi dine persondata med henblik p\u00e5 opfyldelse af forpligtelser over for offentlige myndigheder og for det tilf\u00e6lde, at der skulle opst\u00e5 juridiske tvister. Vi s\u00f8rger for, at dataene slettes derefter.<\/p>\n<h4>5.4.2<\/h4>\n<p>I nogle tilf\u00e6lde vil vi dog have en forpligtelse til at slette dine persondata tidligere. Dette g\u00e6lder f.eks., hvis du tr\u00e6kker et samtykke tilbage, eller hvis opbevaringen af dine persondata ikke l\u00e6ngere er n\u00f8dvendige for de angivne form\u00e5l.<\/p>\n<h4>5.4.3<\/h4>\n<p>Hvis du anmoder om at f\u00e5 rettet eller slettet dine persondata, unders\u00f8ger vi om betingelserne herfor er opfyldt, og i s\u00e5 fald foretager vi de n\u00f8dvendige \u00e6ndringer eller sletninger snarest muligt.<\/p>\n<h3>5.5 Ret til dataportabilitet<\/h3>\n<h4>5.5.1<\/h4>\n<p>Hvis du anmoder om at f\u00e5 oplyst, hvilke persondata vi behandler om dig, og betingelserne herfor er til stede, er du berettiget til at modtage disse i et struktureret, almindeligt anvendt og maskinl\u00e6sbart format, og vi kan og vil ikke forhindre, at du transmitterer disse oplysninger til tredjemand. Hvis du anmoder om det, og det er teknisk muligt, vil vi s\u00f8rge for at transmittere de \u00f8nskede persondata direkte fra os til en tredjepart.<\/p>\n<h3>5.6 Ret til at klage<\/h3>\n<h4>5.6.1<\/h4>\n<p>Hvis du mener, at dine persondata behandles i strid med g\u00e6ldende lovgivning eller andre juridiske forpligtelser, har du ret til at indgive en klage til Datatilsynet (<a rel=\"noreferrer\">dt@datatilsynet.dk<\/a>).<\/p>\n<\/div><\/div>\n<\/section>","protected":false},"excerpt":{"rendered":"<p>Persondatapolitik for Nordic Bloom P\/S 1. INDLEDNING 1.1 Databeskyttelse 1.1.1 Som led i vores virksomhed behandler vi personhenf\u00f8rbare oplysninger (persondata) om dig som vores kunde og har derfor vedtaget denne databeskyttelsespolitik, der beskriver, hvorledes dine data behandles, og hvilke rettigheder du har som registreret. 1.1.2 For at beskytte dine persondata bedst muligt vurderer vi, hvor [&hellip;]<\/p>","protected":false},"author":1,"featured_media":0,"parent":0,"menu_order":0,"comment_status":"closed","ping_status":"closed","template":"","meta":{"_acf_changed":false,"_breakdance_hide_in_design_set":false,"_breakdance_tags":"","footnotes":""},"acf":[],"yoast_head":"<!-- This site is optimized with the Yoast SEO plugin v22.5 - https:\/\/yoast.com\/wordpress\/plugins\/seo\/ -->\n<title>Persondatapolitik - Nordic Bloom<\/title>\n<meta name=\"robots\" content=\"noindex, follow, max-snippet:-1, max-image-preview:large, max-video-preview:-1\" \/>\n<meta property=\"og:locale\" content=\"en_GB\" \/>\n<meta property=\"og:type\" content=\"article\" \/>\n<meta property=\"og:title\" content=\"Persondatapolitik - Nordic Bloom\" \/>\n<meta property=\"og:description\" content=\"Persondatapolitik for Nordic Bloom P\/S 1. INDLEDNING 1.1 Databeskyttelse 1.1.1 Som led i vores virksomhed behandler vi personhenf\u00f8rbare oplysninger (persondata) om dig som vores kunde og har derfor vedtaget denne databeskyttelsespolitik, der beskriver, hvorledes dine data behandles, og hvilke rettigheder du har som registreret. 1.1.2 For at beskytte dine persondata bedst muligt vurderer vi, hvor [&hellip;]\" \/>\n<meta property=\"og:url\" content=\"https:\/\/www.staging.nordicbloomfunds.eu\/en\/persondatapolitik\/\" \/>\n<meta property=\"og:site_name\" content=\"Nordic Bloom\" \/>\n<meta property=\"article:modified_time\" content=\"2024-06-04T10:38:12+00:00\" \/>\n<meta name=\"twitter:card\" content=\"summary_large_image\" \/>\n<script type=\"application\/ld+json\" class=\"yoast-schema-graph\">{\"@context\":\"https:\/\/schema.org\",\"@graph\":[{\"@type\":\"WebPage\",\"@id\":\"https:\/\/www.staging.nordicbloomfunds.eu\/persondatapolitik\/\",\"url\":\"https:\/\/www.staging.nordicbloomfunds.eu\/persondatapolitik\/\",\"name\":\"Persondatapolitik - Nordic Bloom\",\"isPartOf\":{\"@id\":\"https:\/\/www.staging.nordicbloomfunds.eu\/#website\"},\"datePublished\":\"2024-06-04T08:32:08+00:00\",\"dateModified\":\"2024-06-04T10:38:12+00:00\",\"breadcrumb\":{\"@id\":\"https:\/\/www.staging.nordicbloomfunds.eu\/persondatapolitik\/#breadcrumb\"},\"inLanguage\":\"en-GB\",\"potentialAction\":[{\"@type\":\"ReadAction\",\"target\":[\"https:\/\/www.staging.nordicbloomfunds.eu\/persondatapolitik\/\"]}]},{\"@type\":\"BreadcrumbList\",\"@id\":\"https:\/\/www.staging.nordicbloomfunds.eu\/persondatapolitik\/#breadcrumb\",\"itemListElement\":[{\"@type\":\"ListItem\",\"position\":1,\"name\":\"Home\",\"item\":\"https:\/\/www.staging.nordicbloomfunds.eu\/\"},{\"@type\":\"ListItem\",\"position\":2,\"name\":\"Persondatapolitik\"}]},{\"@type\":\"WebSite\",\"@id\":\"https:\/\/www.staging.nordicbloomfunds.eu\/#website\",\"url\":\"https:\/\/www.staging.nordicbloomfunds.eu\/\",\"name\":\"Nordic Bloom\",\"description\":\"\",\"potentialAction\":[{\"@type\":\"SearchAction\",\"target\":{\"@type\":\"EntryPoint\",\"urlTemplate\":\"https:\/\/www.staging.nordicbloomfunds.eu\/?s={search_term_string}\"},\"query-input\":\"required name=search_term_string\"}],\"inLanguage\":\"en-GB\"}]}<\/script>\n<!-- \/ Yoast SEO plugin. -->","yoast_head_json":{"title":"Persondatapolitik - Nordic Bloom","robots":{"index":"noindex","follow":"follow","max-snippet":"max-snippet:-1","max-image-preview":"max-image-preview:large","max-video-preview":"max-video-preview:-1"},"og_locale":"en_GB","og_type":"article","og_title":"Persondatapolitik - Nordic Bloom","og_description":"Persondatapolitik for Nordic Bloom P\/S 1. INDLEDNING 1.1 Databeskyttelse 1.1.1 Som led i vores virksomhed behandler vi personhenf\u00f8rbare oplysninger (persondata) om dig som vores kunde og har derfor vedtaget denne databeskyttelsespolitik, der beskriver, hvorledes dine data behandles, og hvilke rettigheder du har som registreret. 1.1.2 For at beskytte dine persondata bedst muligt vurderer vi, hvor [&hellip;]","og_url":"https:\/\/www.staging.nordicbloomfunds.eu\/en\/persondatapolitik\/","og_site_name":"Nordic Bloom","article_modified_time":"2024-06-04T10:38:12+00:00","twitter_card":"summary_large_image","schema":{"@context":"https:\/\/schema.org","@graph":[{"@type":"WebPage","@id":"https:\/\/www.staging.nordicbloomfunds.eu\/persondatapolitik\/","url":"https:\/\/www.staging.nordicbloomfunds.eu\/persondatapolitik\/","name":"Persondatapolitik - Nordic Bloom","isPartOf":{"@id":"https:\/\/www.staging.nordicbloomfunds.eu\/#website"},"datePublished":"2024-06-04T08:32:08+00:00","dateModified":"2024-06-04T10:38:12+00:00","breadcrumb":{"@id":"https:\/\/www.staging.nordicbloomfunds.eu\/persondatapolitik\/#breadcrumb"},"inLanguage":"en-GB","potentialAction":[{"@type":"ReadAction","target":["https:\/\/www.staging.nordicbloomfunds.eu\/persondatapolitik\/"]}]},{"@type":"BreadcrumbList","@id":"https:\/\/www.staging.nordicbloomfunds.eu\/persondatapolitik\/#breadcrumb","itemListElement":[{"@type":"ListItem","position":1,"name":"Home","item":"https:\/\/www.staging.nordicbloomfunds.eu\/"},{"@type":"ListItem","position":2,"name":"Persondatapolitik"}]},{"@type":"WebSite","@id":"https:\/\/www.staging.nordicbloomfunds.eu\/#website","url":"https:\/\/www.staging.nordicbloomfunds.eu\/","name":"Nordic Bloom","description":"","potentialAction":[{"@type":"SearchAction","target":{"@type":"EntryPoint","urlTemplate":"https:\/\/www.staging.nordicbloomfunds.eu\/?s={search_term_string}"},"query-input":"required name=search_term_string"}],"inLanguage":"en-GB"}]}},"_links":{"self":[{"href":"https:\/\/www.staging.nordicbloomfunds.eu\/en\/wp-json\/wp\/v2\/pages\/2228"}],"collection":[{"href":"https:\/\/www.staging.nordicbloomfunds.eu\/en\/wp-json\/wp\/v2\/pages"}],"about":[{"href":"https:\/\/www.staging.nordicbloomfunds.eu\/en\/wp-json\/wp\/v2\/types\/page"}],"author":[{"embeddable":true,"href":"https:\/\/www.staging.nordicbloomfunds.eu\/en\/wp-json\/wp\/v2\/users\/1"}],"replies":[{"embeddable":true,"href":"https:\/\/www.staging.nordicbloomfunds.eu\/en\/wp-json\/wp\/v2\/comments?post=2228"}],"version-history":[{"count":13,"href":"https:\/\/www.staging.nordicbloomfunds.eu\/en\/wp-json\/wp\/v2\/pages\/2228\/revisions"}],"predecessor-version":[{"id":2241,"href":"https:\/\/www.staging.nordicbloomfunds.eu\/en\/wp-json\/wp\/v2\/pages\/2228\/revisions\/2241"}],"wp:attachment":[{"href":"https:\/\/www.staging.nordicbloomfunds.eu\/en\/wp-json\/wp\/v2\/media?parent=2228"}],"curies":[{"name":"wp","href":"https:\/\/api.w.org\/{rel}","templated":true}]}}