{"id":1761,"date":"2024-05-01T08:48:42","date_gmt":"2024-05-01T08:48:42","guid":{"rendered":"https:\/\/nordic.hurtigtilbud.dk\/?page_id=1761"},"modified":"2024-06-07T12:31:16","modified_gmt":"2024-06-07T10:31:16","slug":"proces","status":"publish","type":"page","link":"https:\/\/www.staging.nordicbloomfunds.eu\/en\/proces\/","title":{"rendered":"Processen"},"content":{"rendered":"<section class=\"bde-section-1761-100 bde-section\">\n              \n  \n\t\n\n  <div class=\"section-background-overlay\"><\/div>\n\n\n<div class=\"section-container\"><div class=\"bde-columns-1761-101 bde-columns\"><div class=\"bde-column-1761-102 bde-column\" data-entrance=\"slideLeft\">\n  \n\t\n\n\n\n<div class=\"bde-rich-text-1761-103 bde-rich-text breakdance-rich-text-styles\">\n<h1>Processen<\/h1>\n<\/div><div class=\"bde-text-1761-104 bde-text\">\nHos Nordic Bloom \u00f8nsker vi at v\u00e6re transparente, trov\u00e6rdige og helt afstemte med vores kunder og investorer. <br>Vores \u201donboarding proces\" indeholder derfor en serie af m\u00f8der, som kan finde sted online og\/ eller ved fysisk fremm\u00f8de. Her fors\u00f8ger vi at stille skarpt p\u00e5 alle t\u00e6nkelige vinkler og komme til bunds i eventuelle tvivlssp\u00f8rgsm\u00e5l. P\u00e5 denne m\u00e5de opn\u00e5r vi de bedste foruds\u00e6tninger for et godt samarbejde, der skal b\u00e6re frugt i mange \u00e5r fremover.<br><br>Nedenfor ser du vores 3-m\u00f8de-proces i skematisk form.\n<\/div>\n<\/div><div class=\"bde-column-1761-105 bde-column\">\n  \n\t\n\n\n\n\n<\/div><\/div><\/div>\n<\/section><section class=\"bde-section-1761-106 bde-section content\">\n  \n\t\n\n\n\n<div class=\"section-container\"><div class=\"bde-columns-1761-168 bde-columns\"><div class=\"bde-column-1761-169 bde-column\">\n  \n\t\n\n\n\n<div class=\"bde-div-1761-109 bde-div box box1\">\n  \n\t\n\n\n\n<h2 class=\"bde-heading-1761-112 bde-heading\">\n01\n<\/h2><h3 class=\"bde-heading-1761-113 bde-heading\">\nF\u00f8rste m\u00f8de\n<\/h3><h5 class=\"bde-heading-1761-182 bde-heading\">\nIntroduktion\n<\/h5><div class=\"bde-image-1761-116 bde-image\">\n<figure class=\"breakdance-image breakdance-image--1998\">\n\t<div class=\"breakdance-image-container\">\n\t\t<div class=\"breakdance-image-clip\"><img loading=\"lazy\" decoding=\"async\" class=\"breakdance-image-object\" src=\"https:\/\/www.staging.nordicbloomfunds.eu\/wp-content\/uploads\/2024\/05\/Nordic_Bloom_160424-429.jpg\" width=\"2500\" height=\"1667\" srcset=\"https:\/\/www.staging.nordicbloomfunds.eu\/wp-content\/uploads\/2024\/05\/Nordic_Bloom_160424-429.jpg 2500w, https:\/\/www.staging.nordicbloomfunds.eu\/wp-content\/uploads\/2024\/05\/Nordic_Bloom_160424-429-300x200.jpg 300w, https:\/\/www.staging.nordicbloomfunds.eu\/wp-content\/uploads\/2024\/05\/Nordic_Bloom_160424-429-1024x683.jpg 1024w, https:\/\/www.staging.nordicbloomfunds.eu\/wp-content\/uploads\/2024\/05\/Nordic_Bloom_160424-429-768x512.jpg 768w, https:\/\/www.staging.nordicbloomfunds.eu\/wp-content\/uploads\/2024\/05\/Nordic_Bloom_160424-429-1536x1024.jpg 1536w, https:\/\/www.staging.nordicbloomfunds.eu\/wp-content\/uploads\/2024\/05\/Nordic_Bloom_160424-429-2048x1366.jpg 2048w\" sizes=\"(max-width: 2500px) 100vw, 2500px\"><\/div>\n\t<\/div><\/figure>\n\n<\/div><div class=\"bde-rich-text-1761-114 bde-rich-text breakdance-rich-text-styles\">\n<p>Gennemgang og dr\u00f8ftelse af din finansielle situation.<\/p>\n<p>Snak om ventureinvesteringer samt dine eventuelle erfaringer hermed.<\/p>\n<p>Introduktion til Nordic Blooms ventureinvesteringer, herunder gennemg\u00e5 pitch deck for konkrete \u00e5bne fonde.<\/p>\n<\/div>\n<\/div>\n<\/div><div class=\"bde-column-1761-183 bde-column\">\n  \n\t\n\n\n\n<div class=\"bde-div-1761-184 bde-div box box1\">\n  \n\t\n\n\n\n<h2 class=\"bde-heading-1761-185 bde-heading\">\n02\n<\/h2><h3 class=\"bde-heading-1761-186 bde-heading\">\nAndet m\u00f8de\n<\/h3><h5 class=\"bde-heading-1761-187 bde-heading\">\nAnalyse\n<\/h5><div class=\"bde-image-1761-188 bde-image\">\n<figure class=\"breakdance-image breakdance-image--1800\">\n\t<div class=\"breakdance-image-container\">\n\t\t<div class=\"breakdance-image-clip\"><img loading=\"lazy\" decoding=\"async\" class=\"breakdance-image-object\" src=\"https:\/\/www.staging.nordicbloomfunds.eu\/wp-content\/uploads\/2024\/05\/flpc9_vocj4.jpg\" width=\"1600\" height=\"1067\" srcset=\"https:\/\/www.staging.nordicbloomfunds.eu\/wp-content\/uploads\/2024\/05\/flpc9_vocj4.jpg 1600w, https:\/\/www.staging.nordicbloomfunds.eu\/wp-content\/uploads\/2024\/05\/flpc9_vocj4-300x200.jpg 300w, https:\/\/www.staging.nordicbloomfunds.eu\/wp-content\/uploads\/2024\/05\/flpc9_vocj4-1024x683.jpg 1024w, https:\/\/www.staging.nordicbloomfunds.eu\/wp-content\/uploads\/2024\/05\/flpc9_vocj4-768x512.jpg 768w, https:\/\/www.staging.nordicbloomfunds.eu\/wp-content\/uploads\/2024\/05\/flpc9_vocj4-1536x1024.jpg 1536w\" sizes=\"(max-width: 1600px) 100vw, 1600px\" alt=\"person using laptop\"><\/div>\n\t<\/div><\/figure>\n\n<\/div><div class=\"bde-rich-text-1761-189 bde-rich-text breakdance-rich-text-styles\">\n<p>Opf\u00f8lgning fra sidste m\u00f8de herunder sp\u00f8rgsm\u00e5l til struktur m.m.<\/p>\n<p>Gennemg\u00e5 projektbeskrivelser og PRIIP.<\/p>\n<p>Indledende informationsudveksling samt verifikation af identitet.<\/p>\n<\/div>\n<\/div>\n<\/div><div class=\"bde-column-1761-190 bde-column\">\n  \n\t\n\n\n\n<div class=\"bde-div-1761-191 bde-div box box1\">\n  \n\t\n\n\n\n<h2 class=\"bde-heading-1761-192 bde-heading\">\n03\n<\/h2><h3 class=\"bde-heading-1761-193 bde-heading\">\nTredje m\u00f8de\n<\/h3><h5 class=\"bde-heading-1761-194 bde-heading\">\nPapirarbejde\n<\/h5><div class=\"bde-image-1761-195 bde-image\">\n<figure class=\"breakdance-image breakdance-image--1999\">\n\t<div class=\"breakdance-image-container\">\n\t\t<div class=\"breakdance-image-clip\"><img loading=\"lazy\" decoding=\"async\" class=\"breakdance-image-object\" src=\"https:\/\/www.staging.nordicbloomfunds.eu\/wp-content\/uploads\/2024\/05\/Nordic_Bloom_160424-461.jpg\" width=\"2500\" height=\"1667\" srcset=\"https:\/\/www.staging.nordicbloomfunds.eu\/wp-content\/uploads\/2024\/05\/Nordic_Bloom_160424-461.jpg 2500w, https:\/\/www.staging.nordicbloomfunds.eu\/wp-content\/uploads\/2024\/05\/Nordic_Bloom_160424-461-300x200.jpg 300w, https:\/\/www.staging.nordicbloomfunds.eu\/wp-content\/uploads\/2024\/05\/Nordic_Bloom_160424-461-1024x683.jpg 1024w, https:\/\/www.staging.nordicbloomfunds.eu\/wp-content\/uploads\/2024\/05\/Nordic_Bloom_160424-461-768x512.jpg 768w, https:\/\/www.staging.nordicbloomfunds.eu\/wp-content\/uploads\/2024\/05\/Nordic_Bloom_160424-461-1536x1024.jpg 1536w, https:\/\/www.staging.nordicbloomfunds.eu\/wp-content\/uploads\/2024\/05\/Nordic_Bloom_160424-461-2048x1366.jpg 2048w\" sizes=\"(max-width: 2500px) 100vw, 2500px\"><\/div>\n\t<\/div><\/figure>\n\n<\/div><div class=\"bde-rich-text-1761-196 bde-rich-text breakdance-rich-text-styles\">\n<p>Gennemg\u00e5 tegningsmaterialet.<\/p>\n<p>Udfyld dokumenterne til oprettelser af kundeforhold, hvis du \u00f8nsker at blive kunde\/investor hos Nordic Bloom.<\/p>\n<\/div>\n<\/div>\n<\/div><\/div><\/div>\n<\/section>","protected":false},"excerpt":{"rendered":"<p>Processen Hos Nordic Bloom \u00f8nsker vi at v\u00e6re transparente, trov\u00e6rdige og helt afstemte med vores kunder og investorer. Vores \u201donboarding proces&#8221; indeholder derfor en serie af m\u00f8der, som kan finde sted online og\/ eller ved fysisk fremm\u00f8de. Her fors\u00f8ger vi at stille skarpt p\u00e5 alle t\u00e6nkelige vinkler og komme til bunds i eventuelle tvivlssp\u00f8rgsm\u00e5l. P\u00e5 [&hellip;]<\/p>","protected":false},"author":1,"featured_media":0,"parent":0,"menu_order":0,"comment_status":"closed","ping_status":"closed","template":"","meta":{"_acf_changed":false,"_breakdance_hide_in_design_set":false,"_breakdance_tags":"","footnotes":""},"acf":[],"yoast_head":"<!-- This site is optimized with the Yoast SEO plugin v22.5 - https:\/\/yoast.com\/wordpress\/plugins\/seo\/ -->\n<title>Processen - Nordic Bloom<\/title>\n<meta name=\"robots\" content=\"noindex, follow, max-snippet:-1, max-image-preview:large, max-video-preview:-1\" \/>\n<meta property=\"og:locale\" content=\"en_GB\" \/>\n<meta property=\"og:type\" content=\"article\" \/>\n<meta property=\"og:title\" content=\"Processen - Nordic Bloom\" \/>\n<meta property=\"og:description\" content=\"Processen Hos Nordic Bloom \u00f8nsker vi at v\u00e6re transparente, trov\u00e6rdige og helt afstemte med vores kunder og investorer. Vores \u201donboarding proces&quot; indeholder derfor en serie af m\u00f8der, som kan finde sted online og\/ eller ved fysisk fremm\u00f8de. Her fors\u00f8ger vi at stille skarpt p\u00e5 alle t\u00e6nkelige vinkler og komme til bunds i eventuelle tvivlssp\u00f8rgsm\u00e5l. P\u00e5 [&hellip;]\" \/>\n<meta property=\"og:url\" content=\"https:\/\/www.staging.nordicbloomfunds.eu\/en\/proces\/\" \/>\n<meta property=\"og:site_name\" content=\"Nordic Bloom\" \/>\n<meta property=\"article:modified_time\" content=\"2024-06-07T10:31:16+00:00\" \/>\n<meta name=\"twitter:card\" content=\"summary_large_image\" \/>\n<meta name=\"twitter:label1\" content=\"Estimated reading time\" \/>\n\t<meta name=\"twitter:data1\" content=\"2 minutes\" \/>\n<script type=\"application\/ld+json\" class=\"yoast-schema-graph\">{\"@context\":\"https:\/\/schema.org\",\"@graph\":[{\"@type\":\"WebPage\",\"@id\":\"https:\/\/www.staging.nordicbloomfunds.eu\/proces\/\",\"url\":\"https:\/\/www.staging.nordicbloomfunds.eu\/proces\/\",\"name\":\"Processen - Nordic Bloom\",\"isPartOf\":{\"@id\":\"https:\/\/www.staging.nordicbloomfunds.eu\/#website\"},\"datePublished\":\"2024-05-01T08:48:42+00:00\",\"dateModified\":\"2024-06-07T10:31:16+00:00\",\"breadcrumb\":{\"@id\":\"https:\/\/www.staging.nordicbloomfunds.eu\/proces\/#breadcrumb\"},\"inLanguage\":\"en-GB\",\"potentialAction\":[{\"@type\":\"ReadAction\",\"target\":[\"https:\/\/www.staging.nordicbloomfunds.eu\/proces\/\"]}]},{\"@type\":\"BreadcrumbList\",\"@id\":\"https:\/\/www.staging.nordicbloomfunds.eu\/proces\/#breadcrumb\",\"itemListElement\":[{\"@type\":\"ListItem\",\"position\":1,\"name\":\"Home\",\"item\":\"https:\/\/www.staging.nordicbloomfunds.eu\/\"},{\"@type\":\"ListItem\",\"position\":2,\"name\":\"Processen\"}]},{\"@type\":\"WebSite\",\"@id\":\"https:\/\/www.staging.nordicbloomfunds.eu\/#website\",\"url\":\"https:\/\/www.staging.nordicbloomfunds.eu\/\",\"name\":\"Nordic Bloom\",\"description\":\"\",\"potentialAction\":[{\"@type\":\"SearchAction\",\"target\":{\"@type\":\"EntryPoint\",\"urlTemplate\":\"https:\/\/www.staging.nordicbloomfunds.eu\/?s={search_term_string}\"},\"query-input\":\"required name=search_term_string\"}],\"inLanguage\":\"en-GB\"}]}<\/script>\n<!-- \/ Yoast SEO plugin. -->","yoast_head_json":{"title":"Processen - Nordic Bloom","robots":{"index":"noindex","follow":"follow","max-snippet":"max-snippet:-1","max-image-preview":"max-image-preview:large","max-video-preview":"max-video-preview:-1"},"og_locale":"en_GB","og_type":"article","og_title":"Processen - Nordic Bloom","og_description":"Processen Hos Nordic Bloom \u00f8nsker vi at v\u00e6re transparente, trov\u00e6rdige og helt afstemte med vores kunder og investorer. Vores \u201donboarding proces\" indeholder derfor en serie af m\u00f8der, som kan finde sted online og\/ eller ved fysisk fremm\u00f8de. Her fors\u00f8ger vi at stille skarpt p\u00e5 alle t\u00e6nkelige vinkler og komme til bunds i eventuelle tvivlssp\u00f8rgsm\u00e5l. P\u00e5 [&hellip;]","og_url":"https:\/\/www.staging.nordicbloomfunds.eu\/en\/proces\/","og_site_name":"Nordic Bloom","article_modified_time":"2024-06-07T10:31:16+00:00","twitter_card":"summary_large_image","twitter_misc":{"Estimated reading time":"2 minutes"},"schema":{"@context":"https:\/\/schema.org","@graph":[{"@type":"WebPage","@id":"https:\/\/www.staging.nordicbloomfunds.eu\/proces\/","url":"https:\/\/www.staging.nordicbloomfunds.eu\/proces\/","name":"Processen - Nordic Bloom","isPartOf":{"@id":"https:\/\/www.staging.nordicbloomfunds.eu\/#website"},"datePublished":"2024-05-01T08:48:42+00:00","dateModified":"2024-06-07T10:31:16+00:00","breadcrumb":{"@id":"https:\/\/www.staging.nordicbloomfunds.eu\/proces\/#breadcrumb"},"inLanguage":"en-GB","potentialAction":[{"@type":"ReadAction","target":["https:\/\/www.staging.nordicbloomfunds.eu\/proces\/"]}]},{"@type":"BreadcrumbList","@id":"https:\/\/www.staging.nordicbloomfunds.eu\/proces\/#breadcrumb","itemListElement":[{"@type":"ListItem","position":1,"name":"Home","item":"https:\/\/www.staging.nordicbloomfunds.eu\/"},{"@type":"ListItem","position":2,"name":"Processen"}]},{"@type":"WebSite","@id":"https:\/\/www.staging.nordicbloomfunds.eu\/#website","url":"https:\/\/www.staging.nordicbloomfunds.eu\/","name":"Nordic Bloom","description":"","potentialAction":[{"@type":"SearchAction","target":{"@type":"EntryPoint","urlTemplate":"https:\/\/www.staging.nordicbloomfunds.eu\/?s={search_term_string}"},"query-input":"required name=search_term_string"}],"inLanguage":"en-GB"}]}},"_links":{"self":[{"href":"https:\/\/www.staging.nordicbloomfunds.eu\/en\/wp-json\/wp\/v2\/pages\/1761"}],"collection":[{"href":"https:\/\/www.staging.nordicbloomfunds.eu\/en\/wp-json\/wp\/v2\/pages"}],"about":[{"href":"https:\/\/www.staging.nordicbloomfunds.eu\/en\/wp-json\/wp\/v2\/types\/page"}],"author":[{"embeddable":true,"href":"https:\/\/www.staging.nordicbloomfunds.eu\/en\/wp-json\/wp\/v2\/users\/1"}],"replies":[{"embeddable":true,"href":"https:\/\/www.staging.nordicbloomfunds.eu\/en\/wp-json\/wp\/v2\/comments?post=1761"}],"version-history":[{"count":30,"href":"https:\/\/www.staging.nordicbloomfunds.eu\/en\/wp-json\/wp\/v2\/pages\/1761\/revisions"}],"predecessor-version":[{"id":2284,"href":"https:\/\/www.staging.nordicbloomfunds.eu\/en\/wp-json\/wp\/v2\/pages\/1761\/revisions\/2284"}],"wp:attachment":[{"href":"https:\/\/www.staging.nordicbloomfunds.eu\/en\/wp-json\/wp\/v2\/media?parent=1761"}],"curies":[{"name":"wp","href":"https:\/\/api.w.org\/{rel}","templated":true}]}}