{"id":1647,"date":"2024-04-16T22:25:18","date_gmt":"2024-04-16T22:25:18","guid":{"rendered":"https:\/\/nordic.hurtigtilbud.dk\/?page_id=1647"},"modified":"2024-06-07T12:40:59","modified_gmt":"2024-06-07T10:40:59","slug":"events","status":"publish","type":"page","link":"https:\/\/www.staging.nordicbloomfunds.eu\/en\/events\/","title":{"rendered":"Events"},"content":{"rendered":"<section class=\"bde-section-1647-106 bde-section\">\n              \n  \n\t\n\n  <div class=\"section-background-overlay\"><\/div>\n\n\n<div class=\"section-container\"><div class=\"bde-columns-1647-107 bde-columns\"><div class=\"bde-column-1647-108 bde-column\" data-entrance=\"slideLeft\">\n  \n\t\n\n\n\n<div class=\"bde-rich-text-1647-109 bde-rich-text breakdance-rich-text-styles\">\n<h1>Events<\/h1>\n<\/div><div class=\"bde-text-1647-110 bde-text\">\nDeltag i vores netv\u00e6rksevents, hvor vi fors\u00f8ger at blive klogere p\u00e5 vigtige samfundsrelevante sp\u00f8rgsm\u00e5l og emner, som gerne indeholder en investeringsm\u00e6ssig vinkel og sammenh\u00e6ng!\n<\/div>\n<\/div><div class=\"bde-column-1647-111 bde-column\">\n  \n\t\n\n\n\n\n<\/div><\/div><\/div>\n<\/section><section class=\"bde-section-1647-100 bde-section\">\n  \n\t\n\n\n\n<div class=\"section-container\"><div class=\"bde-post-loop-1647-102 bde-post-loop\">\n<div class=\"ee-posts ee-posts-grid\">    <article class=\"ee-post\">\n        <a class=\"bde-container-link-1634-110-1826-1634-1 bde-container-link bde-container-link-1634-110 breakdance-link\" href=\"https:\/\/www.staging.nordicbloomfunds.eu\/en\/events\/nordic-bloom-no-4\/\" target=\"_self\" data-type=\"url\">\n  \n\t\n\n\n\n<div class=\"bde-div-1634-112-1826-1634-1 bde-div box box1 bde-div-1634-112\">\n  \n\t\n\n\n\n<div class=\"bde-columns-1634-113-1826-1634-1 bde-columns bde-columns-1634-113\"><div class=\"bde-column-1634-114-1826-1634-1 bde-column bde-column-1634-114\">\n  \n\t\n\n\n\n<h2 class=\"bde-heading-1634-136-1826-1634-1 bde-heading bde-heading-1634-136\">\nNordic Bloom #4\n<\/h2><h1 class=\"bde-heading-1634-137-1826-1634-1 bde-heading bde-heading-1634-137\">\n<p>Globale CO2 emmissions- og energitendenser<\/p>\n\n<\/h1><div class=\"bde-div-1634-127-1826-1634-1 bde-div bde-div-1634-127\">\n  \n\t\n\n\n\n<div class=\"bde-div-1634-128-1826-1634-1 bde-div bde-div-1634-128\">\n  \n\t\n\n\n\n<div class=\"bde-icon-1634-129-1826-1634-1 bde-icon bde-icon-1634-129\">\n\n    \n            <div class=\"bde-icon-icon breakdance-icon-atom\" >\n    \n                    <svg xmlns=\"http:\/\/www.w3.org\/2000\/svg\" id=\"providr-calendar-check-bold\" viewbox=\"0 0 32 32\">\r\n<title>calendar-check-bold<\/title>\r\n<path d=\"M26 3.5h-2.5v-0.5c0-0.828-0.672-1.5-1.5-1.5s-1.5 0.672-1.5 1.5v0 0.5h-9v-0.5c0-0.828-0.672-1.5-1.5-1.5s-1.5 0.672-1.5 1.5v0 0.5h-2.5c-1.381 0-2.5 1.119-2.5 2.5v0 20c0 1.381 1.119 2.5 2.5 2.5v0h20c1.381 0 2.5-1.119 2.5-2.5v0-20c0-1.381-1.119-2.5-2.5-2.5v0zM8.5 6.5c0 0.828 0.672 1.5 1.5 1.5s1.5-0.672 1.5-1.5v0h9c0 0.828 0.672 1.5 1.5 1.5s1.5-0.672 1.5-1.5v0h2v3h-19v-3zM6.5 25.5v-13h19v13zM21.561 14.939c0.273 0.272 0.441 0.647 0.441 1.062s-0.169 0.791-0.441 1.062l-6 6c-0.272 0.273-0.647 0.441-1.063 0.441s-0.791-0.169-1.062-0.441l-3-3c-0.272-0.272-0.44-0.648-0.44-1.063 0-0.83 0.673-1.503 1.503-1.503 0.415 0 0.791 0.168 1.063 0.44v0l1.939 1.936 4.939-4.94c0.271-0.271 0.646-0.438 1.059-0.438 0.415 0 0.791 0.169 1.063 0.442l0 0z\"\/>\r\n<\/svg>\n        \n        \n        \n            <\/div>\n    \n\n\n<\/div><div class=\"bde-text-1634-130-1826-1634-1 bde-text bde-text-1634-130\">\nApril 16, 2024\n<\/div>\n<\/div>\n<\/div><div class=\"bde-fancy-divider-1634-139-1826-1634-1 bde-fancy-divider bde-fancy-divider-1634-139\">\n\n\n<div class=\"bde-fancy-divider__wrapper\">\n  <div class=\"bde-fancy-divider__separator\">\n  \t  <\/div>\n<\/div>\n\n<\/div><div class=\"bde-rich-text-1634-117-1826-1634-1 bde-rich-text bde-rich-text-1634-117 breakdance-rich-text-styles\">\n<p>Denne gang stiller vi skarpt p\u00e5 vor tids m\u00e5ske vigtigste regnestykke:<\/p>\n<ul>\n<li>Klimaforandring<\/li>\n<li>Global \u00f8konomisk v\u00e6kst<\/li>\n<li>\u00d8get energiforbrug &#8211; mindre CO2!<\/li>\n<li>Nye energityper p\u00e5 vej, er de investeringsmodne?<\/li>\n<\/ul>\n\n<\/div><div class=\"bde-div-1634-125-1826-1634-1 bde-div bde-div-1634-125\">\n  \n\t\n\n\n\n<div class=\"bde-text-1634-126-1826-1634-1 bde-text bde-text-1634-126\">\nL\u00e6s mere om eventet >\n<\/div>\n<\/div>\n<\/div><style>.breakdance .bde-column-1634-118-1826-1634-1{background-image:url(https:\/\/www.staging.nordicbloomfunds.eu\/wp-content\/uploads\/2024\/05\/946b7fbc0d24769e796fbf116db1d94a.png);background-size:cover}<\/style><div class=\"bde-column-1634-118-1826-1634-1 bde-column bde-column-1634-118\">\n  \n\t\n\n\n\n\n<\/div><\/div>\n<\/div>\n\n<\/a>    <\/article>\n    <article class=\"ee-post\">\n        <a class=\"bde-container-link-1634-110-1707-1634-1 bde-container-link bde-container-link-1634-110 breakdance-link\" href=\"https:\/\/www.staging.nordicbloomfunds.eu\/en\/events\/nordic-bloom-event-3\/\" target=\"_self\" data-type=\"url\">\n  \n\t\n\n\n\n<div class=\"bde-div-1634-112-1707-1634-1 bde-div box box1 bde-div-1634-112\">\n  \n\t\n\n\n\n<div class=\"bde-columns-1634-113-1707-1634-1 bde-columns bde-columns-1634-113\"><div class=\"bde-column-1634-114-1707-1634-1 bde-column bde-column-1634-114\">\n  \n\t\n\n\n\n<h2 class=\"bde-heading-1634-136-1707-1634-1 bde-heading bde-heading-1634-136\">\nNordic Bloom #3\n<\/h2><h1 class=\"bde-heading-1634-137-1707-1634-1 bde-heading bde-heading-1634-137\">\n<p>Konflikten i Ukraine (beretninger fra indersiden)<\/p>\n\n<\/h1><div class=\"bde-div-1634-127-1707-1634-1 bde-div bde-div-1634-127\">\n  \n\t\n\n\n\n<div class=\"bde-div-1634-128-1707-1634-1 bde-div bde-div-1634-128\">\n  \n\t\n\n\n\n<div class=\"bde-icon-1634-129-1707-1634-1 bde-icon bde-icon-1634-129\">\n\n    \n            <div class=\"bde-icon-icon breakdance-icon-atom\" >\n    \n                    <svg xmlns=\"http:\/\/www.w3.org\/2000\/svg\" id=\"providr-calendar-check-bold\" viewbox=\"0 0 32 32\">\r\n<title>calendar-check-bold<\/title>\r\n<path d=\"M26 3.5h-2.5v-0.5c0-0.828-0.672-1.5-1.5-1.5s-1.5 0.672-1.5 1.5v0 0.5h-9v-0.5c0-0.828-0.672-1.5-1.5-1.5s-1.5 0.672-1.5 1.5v0 0.5h-2.5c-1.381 0-2.5 1.119-2.5 2.5v0 20c0 1.381 1.119 2.5 2.5 2.5v0h20c1.381 0 2.5-1.119 2.5-2.5v0-20c0-1.381-1.119-2.5-2.5-2.5v0zM8.5 6.5c0 0.828 0.672 1.5 1.5 1.5s1.5-0.672 1.5-1.5v0h9c0 0.828 0.672 1.5 1.5 1.5s1.5-0.672 1.5-1.5v0h2v3h-19v-3zM6.5 25.5v-13h19v13zM21.561 14.939c0.273 0.272 0.441 0.647 0.441 1.062s-0.169 0.791-0.441 1.062l-6 6c-0.272 0.273-0.647 0.441-1.063 0.441s-0.791-0.169-1.062-0.441l-3-3c-0.272-0.272-0.44-0.648-0.44-1.063 0-0.83 0.673-1.503 1.503-1.503 0.415 0 0.791 0.168 1.063 0.44v0l1.939 1.936 4.939-4.94c0.271-0.271 0.646-0.438 1.059-0.438 0.415 0 0.791 0.169 1.063 0.442l0 0z\"\/>\r\n<\/svg>\n        \n        \n        \n            <\/div>\n    \n\n\n<\/div><div class=\"bde-text-1634-130-1707-1634-1 bde-text bde-text-1634-130\">\nJanuary 23, 2024\n<\/div>\n<\/div>\n<\/div><div class=\"bde-fancy-divider-1634-139-1707-1634-1 bde-fancy-divider bde-fancy-divider-1634-139\">\n\n\n<div class=\"bde-fancy-divider__wrapper\">\n  <div class=\"bde-fancy-divider__separator\">\n  \t  <\/div>\n<\/div>\n\n<\/div><div class=\"bde-rich-text-1634-117-1707-1634-1 bde-rich-text bde-rich-text-1634-117 breakdance-rich-text-styles\">\n<p>Hvad f\u00e5r en gruppe danske frivillige til at bruge alle deres v\u00e5gne timer p\u00e5 at tage til den polsk-ukrainske gr\u00e6nse og hj\u00e6lpe flygtninge til Danmark?<\/p>\n\n<\/div><div class=\"bde-div-1634-125-1707-1634-1 bde-div bde-div-1634-125\">\n  \n\t\n\n\n\n<div class=\"bde-text-1634-126-1707-1634-1 bde-text bde-text-1634-126\">\nL\u00e6s mere om eventet >\n<\/div>\n<\/div>\n<\/div><style>.breakdance .bde-column-1634-118-1707-1634-1{background-image:url(https:\/\/www.staging.nordicbloomfunds.eu\/wp-content\/uploads\/2024\/04\/nordic-event-2.png);background-size:cover}<\/style><div class=\"bde-column-1634-118-1707-1634-1 bde-column bde-column-1634-118\">\n  \n\t\n\n\n\n\n<\/div><\/div>\n<\/div>\n\n<\/a>    <\/article>\n    <article class=\"ee-post\">\n        <a class=\"bde-container-link-1634-110-2022-1634-1 bde-container-link bde-container-link-1634-110 breakdance-link\" href=\"https:\/\/www.staging.nordicbloomfunds.eu\/en\/events\/nordic-bloom-2-2\/\" target=\"_self\" data-type=\"url\">\n  \n\t\n\n\n\n<div class=\"bde-div-1634-112-2022-1634-1 bde-div box box1 bde-div-1634-112\">\n  \n\t\n\n\n\n<div class=\"bde-columns-1634-113-2022-1634-1 bde-columns bde-columns-1634-113\"><div class=\"bde-column-1634-114-2022-1634-1 bde-column bde-column-1634-114\">\n  \n\t\n\n\n\n<h2 class=\"bde-heading-1634-136-2022-1634-1 bde-heading bde-heading-1634-136\">\nNordic Bloom #2\n<\/h2><h1 class=\"bde-heading-1634-137-2022-1634-1 bde-heading bde-heading-1634-137\">\n<p>American breakfast event<\/p>\n\n<\/h1><div class=\"bde-div-1634-127-2022-1634-1 bde-div bde-div-1634-127\">\n  \n\t\n\n\n\n<div class=\"bde-div-1634-128-2022-1634-1 bde-div bde-div-1634-128\">\n  \n\t\n\n\n\n<div class=\"bde-icon-1634-129-2022-1634-1 bde-icon bde-icon-1634-129\">\n\n    \n            <div class=\"bde-icon-icon breakdance-icon-atom\" >\n    \n                    <svg xmlns=\"http:\/\/www.w3.org\/2000\/svg\" id=\"providr-calendar-check-bold\" viewbox=\"0 0 32 32\">\r\n<title>calendar-check-bold<\/title>\r\n<path d=\"M26 3.5h-2.5v-0.5c0-0.828-0.672-1.5-1.5-1.5s-1.5 0.672-1.5 1.5v0 0.5h-9v-0.5c0-0.828-0.672-1.5-1.5-1.5s-1.5 0.672-1.5 1.5v0 0.5h-2.5c-1.381 0-2.5 1.119-2.5 2.5v0 20c0 1.381 1.119 2.5 2.5 2.5v0h20c1.381 0 2.5-1.119 2.5-2.5v0-20c0-1.381-1.119-2.5-2.5-2.5v0zM8.5 6.5c0 0.828 0.672 1.5 1.5 1.5s1.5-0.672 1.5-1.5v0h9c0 0.828 0.672 1.5 1.5 1.5s1.5-0.672 1.5-1.5v0h2v3h-19v-3zM6.5 25.5v-13h19v13zM21.561 14.939c0.273 0.272 0.441 0.647 0.441 1.062s-0.169 0.791-0.441 1.062l-6 6c-0.272 0.273-0.647 0.441-1.063 0.441s-0.791-0.169-1.062-0.441l-3-3c-0.272-0.272-0.44-0.648-0.44-1.063 0-0.83 0.673-1.503 1.503-1.503 0.415 0 0.791 0.168 1.063 0.44v0l1.939 1.936 4.939-4.94c0.271-0.271 0.646-0.438 1.059-0.438 0.415 0 0.791 0.169 1.063 0.442l0 0z\"\/>\r\n<\/svg>\n        \n        \n        \n            <\/div>\n    \n\n\n<\/div><div class=\"bde-text-1634-130-2022-1634-1 bde-text bde-text-1634-130\">\nNovember 14, 2023\n<\/div>\n<\/div>\n<\/div><div class=\"bde-fancy-divider-1634-139-2022-1634-1 bde-fancy-divider bde-fancy-divider-1634-139\">\n\n\n<div class=\"bde-fancy-divider__wrapper\">\n  <div class=\"bde-fancy-divider__separator\">\n  \t  <\/div>\n<\/div>\n\n<\/div><div class=\"bde-rich-text-1634-117-2022-1634-1 bde-rich-text bde-rich-text-1634-117 breakdance-rich-text-styles\">\n<p>Anders Agner vil g\u00f8re os klogere p\u00e5 amerikansk politik samt hvilken indvirkning dette har p\u00e5 vor tids \u00f8konomi og investeringsmarkeder<\/p>\n\n<\/div><div class=\"bde-div-1634-125-2022-1634-1 bde-div bde-div-1634-125\">\n  \n\t\n\n\n\n<div class=\"bde-text-1634-126-2022-1634-1 bde-text bde-text-1634-126\">\nL\u00e6s mere om eventet >\n<\/div>\n<\/div>\n<\/div><style>.breakdance .bde-column-1634-118-2022-1634-1{background-image:url(https:\/\/www.staging.nordicbloomfunds.eu\/wp-content\/uploads\/2024\/05\/fb41fccc8b7ba34c3f52e8218c3be053.jpg);background-size:cover}<\/style><div class=\"bde-column-1634-118-2022-1634-1 bde-column bde-column-1634-118\">\n  \n\t\n\n\n\n\n<\/div><\/div>\n<\/div>\n\n<\/a>    <\/article>\n    <article class=\"ee-post\">\n        <a class=\"bde-container-link-1634-110-1914-1634-1 bde-container-link bde-container-link-1634-110 breakdance-link\" href=\"https:\/\/www.staging.nordicbloomfunds.eu\/en\/events\/nordic-bloom-2\/\" target=\"_self\" data-type=\"url\">\n  \n\t\n\n\n\n<div class=\"bde-div-1634-112-1914-1634-1 bde-div box box1 bde-div-1634-112\">\n  \n\t\n\n\n\n<div class=\"bde-columns-1634-113-1914-1634-1 bde-columns bde-columns-1634-113\"><div class=\"bde-column-1634-114-1914-1634-1 bde-column bde-column-1634-114\">\n  \n\t\n\n\n\n<h2 class=\"bde-heading-1634-136-1914-1634-1 bde-heading bde-heading-1634-136\">\nNordic Bloom #1\n<\/h2><h1 class=\"bde-heading-1634-137-1914-1634-1 bde-heading bde-heading-1634-137\">\n<p>Megatrends og morgenmad<\/p>\n\n<\/h1><div class=\"bde-div-1634-127-1914-1634-1 bde-div bde-div-1634-127\">\n  \n\t\n\n\n\n<div class=\"bde-div-1634-128-1914-1634-1 bde-div bde-div-1634-128\">\n  \n\t\n\n\n\n<div class=\"bde-icon-1634-129-1914-1634-1 bde-icon bde-icon-1634-129\">\n\n    \n            <div class=\"bde-icon-icon breakdance-icon-atom\" >\n    \n                    <svg xmlns=\"http:\/\/www.w3.org\/2000\/svg\" id=\"providr-calendar-check-bold\" viewbox=\"0 0 32 32\">\r\n<title>calendar-check-bold<\/title>\r\n<path d=\"M26 3.5h-2.5v-0.5c0-0.828-0.672-1.5-1.5-1.5s-1.5 0.672-1.5 1.5v0 0.5h-9v-0.5c0-0.828-0.672-1.5-1.5-1.5s-1.5 0.672-1.5 1.5v0 0.5h-2.5c-1.381 0-2.5 1.119-2.5 2.5v0 20c0 1.381 1.119 2.5 2.5 2.5v0h20c1.381 0 2.5-1.119 2.5-2.5v0-20c0-1.381-1.119-2.5-2.5-2.5v0zM8.5 6.5c0 0.828 0.672 1.5 1.5 1.5s1.5-0.672 1.5-1.5v0h9c0 0.828 0.672 1.5 1.5 1.5s1.5-0.672 1.5-1.5v0h2v3h-19v-3zM6.5 25.5v-13h19v13zM21.561 14.939c0.273 0.272 0.441 0.647 0.441 1.062s-0.169 0.791-0.441 1.062l-6 6c-0.272 0.273-0.647 0.441-1.063 0.441s-0.791-0.169-1.062-0.441l-3-3c-0.272-0.272-0.44-0.648-0.44-1.063 0-0.83 0.673-1.503 1.503-1.503 0.415 0 0.791 0.168 1.063 0.44v0l1.939 1.936 4.939-4.94c0.271-0.271 0.646-0.438 1.059-0.438 0.415 0 0.791 0.169 1.063 0.442l0 0z\"\/>\r\n<\/svg>\n        \n        \n        \n            <\/div>\n    \n\n\n<\/div><div class=\"bde-text-1634-130-1914-1634-1 bde-text bde-text-1634-130\">\nSeptember 20, 2023\n<\/div>\n<\/div>\n<\/div><div class=\"bde-fancy-divider-1634-139-1914-1634-1 bde-fancy-divider bde-fancy-divider-1634-139\">\n\n\n<div class=\"bde-fancy-divider__wrapper\">\n  <div class=\"bde-fancy-divider__separator\">\n  \t  <\/div>\n<\/div>\n\n<\/div><div class=\"bde-rich-text-1634-117-1914-1634-1 bde-rich-text bde-rich-text-1634-117 breakdance-rich-text-styles\">\n<p>Engang var verden normal med b\u00e6redygtighed i fokus efter klimavalget i 2019, lav rente, og fremm\u00f8de p\u00e5 arbejdspladsen som standard, mens digitale m\u00f8der og hjemmearbejde var undtagelsen.<\/p>\n\n<\/div><div class=\"bde-div-1634-125-1914-1634-1 bde-div bde-div-1634-125\">\n  \n\t\n\n\n\n<div class=\"bde-text-1634-126-1914-1634-1 bde-text bde-text-1634-126\">\nL\u00e6s mere om eventet >\n<\/div>\n<\/div>\n<\/div><style>.breakdance .bde-column-1634-118-1914-1634-1{background-image:url(https:\/\/www.staging.nordicbloomfunds.eu\/wp-content\/uploads\/2024\/05\/nordic-event-02.png);background-size:cover}<\/style><div class=\"bde-column-1634-118-1914-1634-1 bde-column bde-column-1634-118\">\n  \n\t\n\n\n\n\n<\/div><\/div>\n<\/div>\n\n<\/a>    <\/article>\n<\/div>\n\n<\/div><\/div>\n<\/section>","protected":false},"excerpt":{"rendered":"<p>Events Deltag i vores netv\u00e6rksevents, hvor vi fors\u00f8ger at blive klogere p\u00e5 vigtige samfundsrelevante sp\u00f8rgsm\u00e5l og emner, som gerne indeholder en investeringsm\u00e6ssig vinkel og sammenh\u00e6ng! Nordic Bloom #4 Globale CO2 emmissions- og energitendenser calendar-check-bold April 16, 2024 Denne gang stiller vi skarpt p\u00e5 vor tids m\u00e5ske vigtigste regnestykke: Klimaforandring Global \u00f8konomisk v\u00e6kst \u00d8get energiforbrug &#8211; [&hellip;]<\/p>","protected":false},"author":1,"featured_media":0,"parent":0,"menu_order":0,"comment_status":"closed","ping_status":"closed","template":"","meta":{"_acf_changed":false,"_breakdance_hide_in_design_set":false,"_breakdance_tags":"","footnotes":""},"acf":[],"yoast_head":"<!-- This site is optimized with the Yoast SEO plugin v22.5 - https:\/\/yoast.com\/wordpress\/plugins\/seo\/ -->\n<title>Events - Nordic Bloom<\/title>\n<meta name=\"robots\" content=\"noindex, follow, max-snippet:-1, max-image-preview:large, max-video-preview:-1\" \/>\n<meta property=\"og:locale\" content=\"en_GB\" \/>\n<meta property=\"og:type\" content=\"article\" \/>\n<meta property=\"og:title\" content=\"Events - Nordic Bloom\" \/>\n<meta property=\"og:description\" content=\"Events Deltag i vores netv\u00e6rksevents, hvor vi fors\u00f8ger at blive klogere p\u00e5 vigtige samfundsrelevante sp\u00f8rgsm\u00e5l og emner, som gerne indeholder en investeringsm\u00e6ssig vinkel og sammenh\u00e6ng! Nordic Bloom #4 Globale CO2 emmissions- og energitendenser calendar-check-bold April 16, 2024 Denne gang stiller vi skarpt p\u00e5 vor tids m\u00e5ske vigtigste regnestykke: Klimaforandring Global \u00f8konomisk v\u00e6kst \u00d8get energiforbrug &#8211; [&hellip;]\" \/>\n<meta property=\"og:url\" content=\"https:\/\/www.staging.nordicbloomfunds.eu\/en\/events\/\" \/>\n<meta property=\"og:site_name\" content=\"Nordic Bloom\" \/>\n<meta property=\"article:modified_time\" content=\"2024-06-07T10:40:59+00:00\" \/>\n<meta name=\"twitter:card\" content=\"summary_large_image\" \/>\n<script type=\"application\/ld+json\" class=\"yoast-schema-graph\">{\"@context\":\"https:\/\/schema.org\",\"@graph\":[{\"@type\":\"WebPage\",\"@id\":\"https:\/\/www.staging.nordicbloomfunds.eu\/events\/\",\"url\":\"https:\/\/www.staging.nordicbloomfunds.eu\/events\/\",\"name\":\"Events - Nordic Bloom\",\"isPartOf\":{\"@id\":\"https:\/\/www.staging.nordicbloomfunds.eu\/#website\"},\"datePublished\":\"2024-04-16T22:25:18+00:00\",\"dateModified\":\"2024-06-07T10:40:59+00:00\",\"breadcrumb\":{\"@id\":\"https:\/\/www.staging.nordicbloomfunds.eu\/events\/#breadcrumb\"},\"inLanguage\":\"en-GB\",\"potentialAction\":[{\"@type\":\"ReadAction\",\"target\":[\"https:\/\/www.staging.nordicbloomfunds.eu\/events\/\"]}]},{\"@type\":\"BreadcrumbList\",\"@id\":\"https:\/\/www.staging.nordicbloomfunds.eu\/events\/#breadcrumb\",\"itemListElement\":[{\"@type\":\"ListItem\",\"position\":1,\"name\":\"Home\",\"item\":\"https:\/\/www.staging.nordicbloomfunds.eu\/\"},{\"@type\":\"ListItem\",\"position\":2,\"name\":\"Events\"}]},{\"@type\":\"WebSite\",\"@id\":\"https:\/\/www.staging.nordicbloomfunds.eu\/#website\",\"url\":\"https:\/\/www.staging.nordicbloomfunds.eu\/\",\"name\":\"Nordic Bloom\",\"description\":\"\",\"potentialAction\":[{\"@type\":\"SearchAction\",\"target\":{\"@type\":\"EntryPoint\",\"urlTemplate\":\"https:\/\/www.staging.nordicbloomfunds.eu\/?s={search_term_string}\"},\"query-input\":\"required name=search_term_string\"}],\"inLanguage\":\"en-GB\"}]}<\/script>\n<!-- \/ Yoast SEO plugin. -->","yoast_head_json":{"title":"Events - Nordic Bloom","robots":{"index":"noindex","follow":"follow","max-snippet":"max-snippet:-1","max-image-preview":"max-image-preview:large","max-video-preview":"max-video-preview:-1"},"og_locale":"en_GB","og_type":"article","og_title":"Events - Nordic Bloom","og_description":"Events Deltag i vores netv\u00e6rksevents, hvor vi fors\u00f8ger at blive klogere p\u00e5 vigtige samfundsrelevante sp\u00f8rgsm\u00e5l og emner, som gerne indeholder en investeringsm\u00e6ssig vinkel og sammenh\u00e6ng! Nordic Bloom #4 Globale CO2 emmissions- og energitendenser calendar-check-bold April 16, 2024 Denne gang stiller vi skarpt p\u00e5 vor tids m\u00e5ske vigtigste regnestykke: Klimaforandring Global \u00f8konomisk v\u00e6kst \u00d8get energiforbrug &#8211; [&hellip;]","og_url":"https:\/\/www.staging.nordicbloomfunds.eu\/en\/events\/","og_site_name":"Nordic Bloom","article_modified_time":"2024-06-07T10:40:59+00:00","twitter_card":"summary_large_image","schema":{"@context":"https:\/\/schema.org","@graph":[{"@type":"WebPage","@id":"https:\/\/www.staging.nordicbloomfunds.eu\/events\/","url":"https:\/\/www.staging.nordicbloomfunds.eu\/events\/","name":"Events - Nordic Bloom","isPartOf":{"@id":"https:\/\/www.staging.nordicbloomfunds.eu\/#website"},"datePublished":"2024-04-16T22:25:18+00:00","dateModified":"2024-06-07T10:40:59+00:00","breadcrumb":{"@id":"https:\/\/www.staging.nordicbloomfunds.eu\/events\/#breadcrumb"},"inLanguage":"en-GB","potentialAction":[{"@type":"ReadAction","target":["https:\/\/www.staging.nordicbloomfunds.eu\/events\/"]}]},{"@type":"BreadcrumbList","@id":"https:\/\/www.staging.nordicbloomfunds.eu\/events\/#breadcrumb","itemListElement":[{"@type":"ListItem","position":1,"name":"Home","item":"https:\/\/www.staging.nordicbloomfunds.eu\/"},{"@type":"ListItem","position":2,"name":"Events"}]},{"@type":"WebSite","@id":"https:\/\/www.staging.nordicbloomfunds.eu\/#website","url":"https:\/\/www.staging.nordicbloomfunds.eu\/","name":"Nordic Bloom","description":"","potentialAction":[{"@type":"SearchAction","target":{"@type":"EntryPoint","urlTemplate":"https:\/\/www.staging.nordicbloomfunds.eu\/?s={search_term_string}"},"query-input":"required name=search_term_string"}],"inLanguage":"en-GB"}]}},"_links":{"self":[{"href":"https:\/\/www.staging.nordicbloomfunds.eu\/en\/wp-json\/wp\/v2\/pages\/1647"}],"collection":[{"href":"https:\/\/www.staging.nordicbloomfunds.eu\/en\/wp-json\/wp\/v2\/pages"}],"about":[{"href":"https:\/\/www.staging.nordicbloomfunds.eu\/en\/wp-json\/wp\/v2\/types\/page"}],"author":[{"embeddable":true,"href":"https:\/\/www.staging.nordicbloomfunds.eu\/en\/wp-json\/wp\/v2\/users\/1"}],"replies":[{"embeddable":true,"href":"https:\/\/www.staging.nordicbloomfunds.eu\/en\/wp-json\/wp\/v2\/comments?post=1647"}],"version-history":[{"count":25,"href":"https:\/\/www.staging.nordicbloomfunds.eu\/en\/wp-json\/wp\/v2\/pages\/1647\/revisions"}],"predecessor-version":[{"id":2289,"href":"https:\/\/www.staging.nordicbloomfunds.eu\/en\/wp-json\/wp\/v2\/pages\/1647\/revisions\/2289"}],"wp:attachment":[{"href":"https:\/\/www.staging.nordicbloomfunds.eu\/en\/wp-json\/wp\/v2\/media?parent=1647"}],"curies":[{"name":"wp","href":"https:\/\/api.w.org\/{rel}","templated":true}]}}