{"id":1498,"date":"2024-04-15T19:56:37","date_gmt":"2024-04-15T19:56:37","guid":{"rendered":"https:\/\/nordic.hurtigtilbud.dk\/?page_id=1498"},"modified":"2024-06-07T12:30:00","modified_gmt":"2024-06-07T10:30:00","slug":"venture","status":"publish","type":"page","link":"https:\/\/www.staging.nordicbloomfunds.eu\/en\/venture\/","title":{"rendered":"Forst\u00e5 venture"},"content":{"rendered":"<section class=\"bde-section-1498-100 bde-section\">\n              \n  \n\t\n\n  <div class=\"section-background-overlay\"><\/div>\n\n\n<div class=\"section-container\"><div class=\"bde-columns-1498-101 bde-columns\"><div class=\"bde-column-1498-102 bde-column\" data-entrance=\"slideLeft\">\n  \n\t\n\n\n\n<div class=\"bde-rich-text-1498-103 bde-rich-text breakdance-rich-text-styles\">\n<h1>Forst\u00e5 Venture<\/h1>\n<\/div><div class=\"bde-text-1498-104 bde-text\">\nAt investere i Venturefonde er en strategisk beslutning, <br>som vil give dig en diversificering af din investeringsportef\u00f8lje <br>- og forh\u00e5bentligt et godt afkast!\n<\/div>\n<\/div><div class=\"bde-column-1498-108 bde-column\">\n  \n\t\n\n\n\n<div class=\"bde-div-1498-236 bde-div\">\n  \n\t\n\n\n\n<div class=\"bde-image-1498-237 bde-image\">\n<figure class=\"breakdance-image breakdance-image--202\">\n\t<div class=\"breakdance-image-container\">\n\t\t<div class=\"breakdance-image-clip\"><img loading=\"lazy\" decoding=\"async\" class=\"breakdance-image-object\" src=\"https:\/\/breakdancedemos.com\/supa\/wp-content\/uploads\/sites\/9\/2023\/02\/airmac-mockup.svg\" width=\"928\" height=\"562\" sizes=\"(max-width: 928px) 100vw, 928px\"><\/div>\n\t<\/div><\/figure>\n\n<\/div><div class=\"bde-masker-1498-238 bde-masker\"><div class=\"bde-video-1498-239 bde-video\">\n<div class=\"ee-video-container\">\n                                                                        \n                <lite-youtube\n                        videoid=\"gxWdrFTN3u0\"\n                                                style=\"background-image: url(https:\/\/i.ytimg.com\/vi\/gxWdrFTN3u0\/maxresdefault.jpg); \"\n                        class=\"ee-video\"\n                        title=\"\"\n                        params=\"&playsinline=0&rel=0&enablejsapi=1\"\n                >\n                <\/lite-youtube>\n                    \n        \n            \n    <\/div>\n\n<\/div>\r\n<\/div>\n<\/div><h4 class=\"bde-heading-1498-240 bde-heading\">\nNordic Bloom p\u00e5 bes\u00f8g hos <br>Dansk Aktion\u00e6rforening<br>(se video)\n<\/h4>\n<\/div><\/div><\/div>\n<\/section><section class=\"bde-section-1498-138 bde-section content\">\n  \n\t\n\n\n\n<div class=\"section-container\"><div class=\"bde-div-1498-143 bde-div wrapper\">\n  \n\t\n\n\n\n<div class=\"bde-div-1498-196 bde-div box box1\">\n  \n\t\n\n\n\n<div class=\"bde-columns-1498-197 bde-columns\"><div class=\"bde-column-1498-198 bde-column\">\n  \n\t\n\n\n\n<h2 class=\"bde-heading-1498-227 bde-heading\">\n01\n<\/h2><h3 class=\"bde-heading-1498-200 bde-heading\">\nEn Selvst\u00e6ndig Aktivklasse\n<\/h3><div class=\"bde-rich-text-1498-201 bde-rich-text breakdance-rich-text-styles\">\n<p>Nogle af de mest sofistikerede investorer, de amerikanske s\u00e5kaldte \"Endowments\" betragter venturefonde som en s\u00e6rskilt aktivklasse, som de tildeler en fast portef\u00f8ljeallokering p\u00e5 4-6%, hvor Private Equity typisk ligger p\u00e5 5.7%. Denne selvst\u00e6ndige kategorisering underst\u00f8ttes af venturefondenes unikke karakteristika, herunder deres lavere korrelation med st\u00f8rre aktieindekser, hvilket kan v\u00e6re attraktivt i tider med markedsvolatilitet. Denne sektion uddyber, hvordan og hvorfor disse fonde tildeles en s\u00e6rskilt rolle i en diversificeret portef\u00f8lje.<\/p>\n<\/div>\n<\/div><div class=\"bde-column-1498-202 bde-column\">\n  \n\t\n\n\n\n<div class=\"bde-image-1498-203 bde-image\">\n<figure class=\"breakdance-image breakdance-image--1614\">\n\t<div class=\"breakdance-image-container\">\n\t\t<div class=\"breakdance-image-clip\"><img loading=\"lazy\" decoding=\"async\" class=\"breakdance-image-object\" src=\"https:\/\/www.staging.nordicbloomfunds.eu\/wp-content\/uploads\/2024\/04\/lcphgxs7pww.jpg\" width=\"1600\" height=\"1067\" srcset=\"https:\/\/www.staging.nordicbloomfunds.eu\/wp-content\/uploads\/2024\/04\/lcphgxs7pww.jpg 1600w, https:\/\/www.staging.nordicbloomfunds.eu\/wp-content\/uploads\/2024\/04\/lcphgxs7pww-300x200.jpg 300w, https:\/\/www.staging.nordicbloomfunds.eu\/wp-content\/uploads\/2024\/04\/lcphgxs7pww-1024x683.jpg 1024w, https:\/\/www.staging.nordicbloomfunds.eu\/wp-content\/uploads\/2024\/04\/lcphgxs7pww-768x512.jpg 768w, https:\/\/www.staging.nordicbloomfunds.eu\/wp-content\/uploads\/2024\/04\/lcphgxs7pww-1536x1024.jpg 1536w\" sizes=\"(max-width: 1600px) 100vw, 1600px\" alt=\"fan of 100 U.S. dollar banknotes\"><\/div>\n\t<\/div><\/figure>\n\n<\/div>\n<\/div><\/div>\n<\/div><div class=\"bde-div-1498-177 bde-div box box1\">\n  \n\t\n\n\n\n<div class=\"bde-columns-1498-178 bde-columns\"><div class=\"bde-column-1498-208 bde-column\">\n  \n\t\n\n\n\n<div class=\"bde-image-1498-209 bde-image\">\n<figure class=\"breakdance-image breakdance-image--1609\">\n\t<div class=\"breakdance-image-container\">\n\t\t<div class=\"breakdance-image-clip\"><img loading=\"lazy\" decoding=\"async\" class=\"breakdance-image-object\" src=\"https:\/\/www.staging.nordicbloomfunds.eu\/wp-content\/uploads\/2024\/04\/dfjjmvhwh_8.jpg\" width=\"1600\" height=\"1070\" srcset=\"https:\/\/www.staging.nordicbloomfunds.eu\/wp-content\/uploads\/2024\/04\/dfjjmvhwh_8.jpg 1600w, https:\/\/www.staging.nordicbloomfunds.eu\/wp-content\/uploads\/2024\/04\/dfjjmvhwh_8-300x201.jpg 300w, https:\/\/www.staging.nordicbloomfunds.eu\/wp-content\/uploads\/2024\/04\/dfjjmvhwh_8-1024x685.jpg 1024w, https:\/\/www.staging.nordicbloomfunds.eu\/wp-content\/uploads\/2024\/04\/dfjjmvhwh_8-768x514.jpg 768w, https:\/\/www.staging.nordicbloomfunds.eu\/wp-content\/uploads\/2024\/04\/dfjjmvhwh_8-1536x1027.jpg 1536w\" sizes=\"(max-width: 1600px) 100vw, 1600px\" alt=\"turned-on MacBook Pro\"><\/div>\n\t<\/div><\/figure>\n\n<\/div>\n<\/div><div class=\"bde-column-1498-179 bde-column\">\n  \n\t\n\n\n\n<h2 class=\"bde-heading-1498-231 bde-heading\">\n02\n<\/h2><h3 class=\"bde-heading-1498-181 bde-heading\">\nEndowments' Tilgang til Ventureinvesteringer\n<\/h3><div class=\"bde-rich-text-1498-182 bde-rich-text breakdance-rich-text-styles\">\n<p>Endowments har en lang historie med vellykkede ventureinvesteringer, hvilket har bidraget til deres ry som nogle af de mest kapable og sofistikerede investorer p\u00e5 globalt plan. Denne sektion dykker ned i, hvordan endowments som Yale har udviklet og tilpasset deres investeringsstrategier over tid for at maksimere deres afkast fra venturefonde. Fokus vil v\u00e6re p\u00e5, hvordan disse institutioner vurderer og v\u00e6lger venturefonde, samt hvordan deres langsigtede engagement i denne aktivklasse har formet deres samlede investeringsportef\u00f8ljer.<\/p>\n<\/div>\n<\/div><\/div>\n<\/div><div class=\"bde-div-1498-144 bde-div box box1\">\n  \n\t\n\n\n\n<div class=\"bde-columns-1498-145 bde-columns\"><div class=\"bde-column-1498-146 bde-column\">\n  \n\t\n\n\n\n<h2 class=\"bde-heading-1498-147 bde-heading\">\n03\n<\/h2><h3 class=\"bde-heading-1498-148 bde-heading\">\nVenturefonde - risiko eller mulighed?\n<\/h3><div class=\"bde-rich-text-1498-149 bde-rich-text breakdance-rich-text-styles\">\n<p>Investering i venturefonde bliver ofte sat i b\u00e5s med Private Equity, og betragtes som v\u00e6rende mere risikofyldt og illikvidt end mere traditionelle investeringsformer. Opfattelsen af den h\u00f8jere risiko skyldes sandsynligvis fondenes specialiserede nicheorientering, hvor der ofte investeres i yngre, ny-opstartende virksomheder, som endnu ikke har bevist deres forretningsmodel eller markedspotentiale. Hertil kommer en generel skepsis overfor fonde, ikke mindst koncepter ned \u201dfund-of-funds\u201d. \n\nNordic Bloom tilbyder (en unik adgang til) at investere i venturefonde i USA, prim\u00e6rt i de s\u00e5kaldte f\u00f8rste kvartils fonde. I denne introduktion dykker vi ned i venturebegrebet og ser p\u00e5 hvorfor en disse investeringer kan v\u00e6re interessante, samt hvilke s\u00e6rlige overvejelser, der f\u00f8lger med at investere i s\u00e5danne fonde.<\/p>\n<\/div>\n<\/div><div class=\"bde-column-1498-189 bde-column\">\n  \n\t\n\n\n\n<div class=\"bde-image-1498-193 bde-image\">\n<figure class=\"breakdance-image breakdance-image--1606\">\n\t<div class=\"breakdance-image-container\">\n\t\t<div class=\"breakdance-image-clip\"><img loading=\"lazy\" decoding=\"async\" class=\"breakdance-image-object\" src=\"https:\/\/www.staging.nordicbloomfunds.eu\/wp-content\/uploads\/2024\/04\/w9codxtsfts.jpg\" width=\"1600\" height=\"1068\" srcset=\"https:\/\/www.staging.nordicbloomfunds.eu\/wp-content\/uploads\/2024\/04\/w9codxtsfts.jpg 1600w, https:\/\/www.staging.nordicbloomfunds.eu\/wp-content\/uploads\/2024\/04\/w9codxtsfts-300x200.jpg 300w, https:\/\/www.staging.nordicbloomfunds.eu\/wp-content\/uploads\/2024\/04\/w9codxtsfts-1024x684.jpg 1024w, https:\/\/www.staging.nordicbloomfunds.eu\/wp-content\/uploads\/2024\/04\/w9codxtsfts-768x513.jpg 768w, https:\/\/www.staging.nordicbloomfunds.eu\/wp-content\/uploads\/2024\/04\/w9codxtsfts-1536x1025.jpg 1536w\" sizes=\"(max-width: 1600px) 100vw, 1600px\" alt=\"a computer screen with a chart on it\"><\/div>\n\t<\/div><\/figure>\n\n<\/div>\n<\/div><\/div>\n<\/div><div class=\"bde-div-1498-162 bde-div box box1\">\n  \n\t\n\n\n\n<div class=\"bde-columns-1498-163 bde-columns\"><div class=\"bde-column-1498-204 bde-column\">\n  \n\t\n\n\n\n<div class=\"bde-image-1498-205 bde-image\">\n<figure class=\"breakdance-image breakdance-image--1607\">\n\t<div class=\"breakdance-image-container\">\n\t\t<div class=\"breakdance-image-clip\"><img loading=\"lazy\" decoding=\"async\" class=\"breakdance-image-object\" src=\"https:\/\/www.staging.nordicbloomfunds.eu\/wp-content\/uploads\/2024\/04\/at77q0njnt0.jpg\" width=\"1600\" height=\"1067\" srcset=\"https:\/\/www.staging.nordicbloomfunds.eu\/wp-content\/uploads\/2024\/04\/at77q0njnt0.jpg 1600w, https:\/\/www.staging.nordicbloomfunds.eu\/wp-content\/uploads\/2024\/04\/at77q0njnt0-300x200.jpg 300w, https:\/\/www.staging.nordicbloomfunds.eu\/wp-content\/uploads\/2024\/04\/at77q0njnt0-1024x683.jpg 1024w, https:\/\/www.staging.nordicbloomfunds.eu\/wp-content\/uploads\/2024\/04\/at77q0njnt0-768x512.jpg 768w, https:\/\/www.staging.nordicbloomfunds.eu\/wp-content\/uploads\/2024\/04\/at77q0njnt0-1536x1024.jpg 1536w\" sizes=\"(max-width: 1600px) 100vw, 1600px\" alt=\"pen om paper\"><\/div>\n\t<\/div><\/figure>\n\n<\/div>\n<\/div><div class=\"bde-column-1498-164 bde-column\">\n  \n\t\n\n\n\n<h2 class=\"bde-heading-1498-229 bde-heading\">\n04\n<\/h2><h3 class=\"bde-heading-1498-166 bde-heading\">\nFordele ved Fund-of-Funds Struktur\n<\/h3><div class=\"bde-rich-text-1498-167 bde-rich-text breakdance-rich-text-styles\">\n<p>Fund-of-funds tilbyder en s\u00e6rlig fordel ved at tilbyde investorer adgang til en bredere vifte af venturefonde, hvilket potentielt kan sprede risikoen og \u00f8ge chancerne for at opn\u00e5 h\u00f8jere afkast. Denne struktur muligg\u00f8r investeringer i flere fonde, herunder dem der m\u00e5ske ikke er tilg\u00e6ngelige for individuelle investorer p\u00e5 grund af h\u00f8je minimumsinvesteringer eller begr\u00e6nset adgang. Yderligere dykkes der i, hvordan Nordic Bloom og Knightsbridge Advisors samarbejder om at tilbyde en omkostningseffektiv, EU\/E\u00d8S-compliant fondsplatform, der er designet til at maximere investorernes adgang til top-tier venturefonde.<\/p>\n<\/div>\n<\/div><\/div>\n<\/div><div class=\"bde-div-1498-171 bde-div box box1\">\n  \n\t\n\n\n\n<div class=\"bde-columns-1498-172 bde-columns\"><div class=\"bde-column-1498-173 bde-column\">\n  \n\t\n\n\n\n<h2 class=\"bde-heading-1498-230 bde-heading\">\n05\n<\/h2><h3 class=\"bde-heading-1498-175 bde-heading\">\nHistorisk Afkast af Venturefonde\n<\/h3><div class=\"bde-rich-text-1498-176 bde-rich-text breakdance-rich-text-styles\">\n<p>Denne sektion giver en detaljeret analyse af historisk afkast fra venturefonde, sammenlignet med traditionelle aktivklasser som aktier og private equity. Ved at belyse afkastet over forskellige tidsperioder illustreres det, hvordan venturefonde kan levere exceptionelle afkast, der ofte overstiger markedsstandarderne. Denne del vil ogs\u00e5 d\u00e6kke de faktorer, der bidrager til disse afkast, herunder sektorspecifik v\u00e6kst og innovation, samt de v\u00e6sentlige risici.<\/p>\n<\/div>\n<\/div><div class=\"bde-column-1498-206 bde-column\">\n  \n\t\n\n\n\n<div class=\"bde-image-1498-207 bde-image\">\n<figure class=\"breakdance-image breakdance-image--1608\">\n\t<div class=\"breakdance-image-container\">\n\t\t<div class=\"breakdance-image-clip\"><img loading=\"lazy\" decoding=\"async\" class=\"breakdance-image-object\" src=\"https:\/\/www.staging.nordicbloomfunds.eu\/wp-content\/uploads\/2024\/04\/mcsdtbwxuzu.jpg\" width=\"1600\" height=\"1060\" srcset=\"https:\/\/www.staging.nordicbloomfunds.eu\/wp-content\/uploads\/2024\/04\/mcsdtbwxuzu.jpg 1600w, https:\/\/www.staging.nordicbloomfunds.eu\/wp-content\/uploads\/2024\/04\/mcsdtbwxuzu-300x199.jpg 300w, https:\/\/www.staging.nordicbloomfunds.eu\/wp-content\/uploads\/2024\/04\/mcsdtbwxuzu-1024x678.jpg 1024w, https:\/\/www.staging.nordicbloomfunds.eu\/wp-content\/uploads\/2024\/04\/mcsdtbwxuzu-768x509.jpg 768w, https:\/\/www.staging.nordicbloomfunds.eu\/wp-content\/uploads\/2024\/04\/mcsdtbwxuzu-1536x1018.jpg 1536w\" sizes=\"(max-width: 1600px) 100vw, 1600px\" alt=\"turned on black and grey laptop computer\"><\/div>\n\t<\/div><\/figure>\n\n<\/div>\n<\/div><\/div>\n<\/div><div class=\"bde-div-1498-210 bde-div box box1\">\n  \n\t\n\n\n\n<div class=\"bde-columns-1498-211 bde-columns\"><div class=\"bde-column-1498-216 bde-column\">\n  \n\t\n\n\n\n<div class=\"bde-image-1498-217 bde-image\">\n<figure class=\"breakdance-image breakdance-image--1611\">\n\t<div class=\"breakdance-image-container\">\n\t\t<div class=\"breakdance-image-clip\"><img loading=\"lazy\" decoding=\"async\" class=\"breakdance-image-object\" src=\"https:\/\/www.staging.nordicbloomfunds.eu\/wp-content\/uploads\/2024\/04\/xrify_4ck1w.jpg\" width=\"1600\" height=\"1067\" srcset=\"https:\/\/www.staging.nordicbloomfunds.eu\/wp-content\/uploads\/2024\/04\/xrify_4ck1w.jpg 1600w, https:\/\/www.staging.nordicbloomfunds.eu\/wp-content\/uploads\/2024\/04\/xrify_4ck1w-300x200.jpg 300w, https:\/\/www.staging.nordicbloomfunds.eu\/wp-content\/uploads\/2024\/04\/xrify_4ck1w-1024x683.jpg 1024w, https:\/\/www.staging.nordicbloomfunds.eu\/wp-content\/uploads\/2024\/04\/xrify_4ck1w-768x512.jpg 768w, https:\/\/www.staging.nordicbloomfunds.eu\/wp-content\/uploads\/2024\/04\/xrify_4ck1w-1536x1024.jpg 1536w\" sizes=\"(max-width: 1600px) 100vw, 1600px\" alt=\"text\"><\/div>\n\t<\/div><\/figure>\n\n<\/div>\n<\/div><div class=\"bde-column-1498-212 bde-column\">\n  \n\t\n\n\n\n<h2 class=\"bde-heading-1498-232 bde-heading\">\n06\n<\/h2><h3 class=\"bde-heading-1498-214 bde-heading\">\nV\u00e6rdien af Persistence of Performance\n<\/h3><div class=\"bde-rich-text-1498-215 bde-rich-text breakdance-rich-text-styles\">\n<p>Persistence of performance er et centralt koncept i venturekapitalindustrien, som refererer til f\u00e6nomenet, hvor de bedst pr\u00e6sterende fonde tendenserer til at forts\u00e6tte med at levere overlegen afkast over tid. Denne sektion forklarer, hvordan dette f\u00e6nomen kan observeres blandt top-tier venturefonde, og hvilke faktorer der bidrager til denne vedvarende succes. Der vil ogs\u00e5 v\u00e6re en diskussion om vigtigheden af netv\u00e6rk, adgang til kvalitets deal flow, og strategisk st\u00f8tte som afg\u00f8rende faktorer for en fonds succes.<\/p>\n<\/div>\n<\/div><\/div>\n<\/div><div class=\"bde-div-1498-218 bde-div box box1\">\n  \n\t\n\n\n\n<div class=\"bde-columns-1498-219 bde-columns\"><div class=\"bde-column-1498-220 bde-column\">\n  \n\t\n\n\n\n<h2 class=\"bde-heading-1498-233 bde-heading\">\n07\n<\/h2><h3 class=\"bde-heading-1498-222 bde-heading\">\nDiversifikation og Risikoh\u00e5ndtering\n<\/h3><div class=\"bde-rich-text-1498-223 bde-rich-text breakdance-rich-text-styles\">\n<p>Investering i venturefonde indeb\u00e6rer betydelige risici, is\u00e6r med \"early stage\" fonde, hvor usikkerheden er h\u00f8j. Denne sektion forklarer, hvordan diversifikation via en fund-of-funds struktur kan hj\u00e6lpe med at h\u00e5ndtere og mindske disse risici. Ved at sprede investeringer over et st\u00f8rre antal selskaber og projekter kan fonden opn\u00e5 en mere stabil og forudsigelig afkastprofil, samtidig med at den giver plads til at udnytte de potentielt h\u00f8je afkast fra de mest succesfulde startups.<\/p>\n<\/div>\n<\/div><div class=\"bde-column-1498-224 bde-column\">\n  \n\t\n\n\n\n<div class=\"bde-image-1498-225 bde-image\">\n<figure class=\"breakdance-image breakdance-image--1612\">\n\t<div class=\"breakdance-image-container\">\n\t\t<div class=\"breakdance-image-clip\"><img loading=\"lazy\" decoding=\"async\" class=\"breakdance-image-object\" src=\"https:\/\/www.staging.nordicbloomfunds.eu\/wp-content\/uploads\/2024\/04\/h329ghs_lc8.jpg\" width=\"1600\" height=\"1067\" srcset=\"https:\/\/www.staging.nordicbloomfunds.eu\/wp-content\/uploads\/2024\/04\/h329ghs_lc8.jpg 1600w, https:\/\/www.staging.nordicbloomfunds.eu\/wp-content\/uploads\/2024\/04\/h329ghs_lc8-300x200.jpg 300w, https:\/\/www.staging.nordicbloomfunds.eu\/wp-content\/uploads\/2024\/04\/h329ghs_lc8-1024x683.jpg 1024w, https:\/\/www.staging.nordicbloomfunds.eu\/wp-content\/uploads\/2024\/04\/h329ghs_lc8-768x512.jpg 768w, https:\/\/www.staging.nordicbloomfunds.eu\/wp-content\/uploads\/2024\/04\/h329ghs_lc8-1536x1024.jpg 1536w\" sizes=\"(max-width: 1600px) 100vw, 1600px\" alt=\"person using macbook pro on brown wooden table\"><\/div>\n\t<\/div><\/figure>\n\n<\/div>\n<\/div><\/div>\n<\/div>\n<\/div><\/div>\n<\/section>","protected":false},"excerpt":{"rendered":"<p>Forst\u00e5 Venture At investere i Venturefonde er en strategisk beslutning, som vil give dig en diversificering af din investeringsportef\u00f8lje &#8211; og forh\u00e5bentligt et godt afkast! Nordic Bloom p\u00e5 bes\u00f8g hos Dansk Aktion\u00e6rforening(se video) 01 En Selvst\u00e6ndig Aktivklasse Nogle af de mest sofistikerede investorer, de amerikanske s\u00e5kaldte &#8220;Endowments&#8221; betragter venturefonde som en s\u00e6rskilt aktivklasse, som de [&hellip;]<\/p>","protected":false},"author":1,"featured_media":0,"parent":0,"menu_order":0,"comment_status":"closed","ping_status":"closed","template":"","meta":{"_acf_changed":false,"_breakdance_hide_in_design_set":false,"_breakdance_tags":"","footnotes":""},"acf":[],"yoast_head":"<!-- This site is optimized with the Yoast SEO plugin v22.5 - https:\/\/yoast.com\/wordpress\/plugins\/seo\/ -->\n<title>Forst\u00e5 venture - Nordic Bloom<\/title>\n<meta name=\"robots\" content=\"noindex, follow, max-snippet:-1, max-image-preview:large, max-video-preview:-1\" \/>\n<meta property=\"og:locale\" content=\"en_GB\" \/>\n<meta property=\"og:type\" content=\"article\" \/>\n<meta property=\"og:title\" content=\"Forst\u00e5 venture - Nordic Bloom\" \/>\n<meta property=\"og:description\" content=\"Forst\u00e5 Venture At investere i Venturefonde er en strategisk beslutning, som vil give dig en diversificering af din investeringsportef\u00f8lje - og forh\u00e5bentligt et godt afkast! Nordic Bloom p\u00e5 bes\u00f8g hos Dansk Aktion\u00e6rforening(se video) 01 En Selvst\u00e6ndig Aktivklasse Nogle af de mest sofistikerede investorer, de amerikanske s\u00e5kaldte &quot;Endowments&quot; betragter venturefonde som en s\u00e6rskilt aktivklasse, som de [&hellip;]\" \/>\n<meta property=\"og:url\" content=\"https:\/\/www.staging.nordicbloomfunds.eu\/en\/venture\/\" \/>\n<meta property=\"og:site_name\" content=\"Nordic Bloom\" \/>\n<meta property=\"article:modified_time\" content=\"2024-06-07T10:30:00+00:00\" \/>\n<meta name=\"twitter:card\" content=\"summary_large_image\" \/>\n<script type=\"application\/ld+json\" class=\"yoast-schema-graph\">{\"@context\":\"https:\/\/schema.org\",\"@graph\":[{\"@type\":\"WebPage\",\"@id\":\"https:\/\/www.staging.nordicbloomfunds.eu\/venture\/\",\"url\":\"https:\/\/www.staging.nordicbloomfunds.eu\/venture\/\",\"name\":\"Forst\u00e5 venture - Nordic Bloom\",\"isPartOf\":{\"@id\":\"https:\/\/www.staging.nordicbloomfunds.eu\/#website\"},\"datePublished\":\"2024-04-15T19:56:37+00:00\",\"dateModified\":\"2024-06-07T10:30:00+00:00\",\"breadcrumb\":{\"@id\":\"https:\/\/www.staging.nordicbloomfunds.eu\/venture\/#breadcrumb\"},\"inLanguage\":\"en-GB\",\"potentialAction\":[{\"@type\":\"ReadAction\",\"target\":[\"https:\/\/www.staging.nordicbloomfunds.eu\/venture\/\"]}]},{\"@type\":\"BreadcrumbList\",\"@id\":\"https:\/\/www.staging.nordicbloomfunds.eu\/venture\/#breadcrumb\",\"itemListElement\":[{\"@type\":\"ListItem\",\"position\":1,\"name\":\"Home\",\"item\":\"https:\/\/www.staging.nordicbloomfunds.eu\/\"},{\"@type\":\"ListItem\",\"position\":2,\"name\":\"Forst\u00e5 venture\"}]},{\"@type\":\"WebSite\",\"@id\":\"https:\/\/www.staging.nordicbloomfunds.eu\/#website\",\"url\":\"https:\/\/www.staging.nordicbloomfunds.eu\/\",\"name\":\"Nordic Bloom\",\"description\":\"\",\"potentialAction\":[{\"@type\":\"SearchAction\",\"target\":{\"@type\":\"EntryPoint\",\"urlTemplate\":\"https:\/\/www.staging.nordicbloomfunds.eu\/?s={search_term_string}\"},\"query-input\":\"required name=search_term_string\"}],\"inLanguage\":\"en-GB\"}]}<\/script>\n<!-- \/ Yoast SEO plugin. -->","yoast_head_json":{"title":"Forst\u00e5 venture - Nordic Bloom","robots":{"index":"noindex","follow":"follow","max-snippet":"max-snippet:-1","max-image-preview":"max-image-preview:large","max-video-preview":"max-video-preview:-1"},"og_locale":"en_GB","og_type":"article","og_title":"Forst\u00e5 venture - Nordic Bloom","og_description":"Forst\u00e5 Venture At investere i Venturefonde er en strategisk beslutning, som vil give dig en diversificering af din investeringsportef\u00f8lje - og forh\u00e5bentligt et godt afkast! Nordic Bloom p\u00e5 bes\u00f8g hos Dansk Aktion\u00e6rforening(se video) 01 En Selvst\u00e6ndig Aktivklasse Nogle af de mest sofistikerede investorer, de amerikanske s\u00e5kaldte \"Endowments\" betragter venturefonde som en s\u00e6rskilt aktivklasse, som de [&hellip;]","og_url":"https:\/\/www.staging.nordicbloomfunds.eu\/en\/venture\/","og_site_name":"Nordic Bloom","article_modified_time":"2024-06-07T10:30:00+00:00","twitter_card":"summary_large_image","schema":{"@context":"https:\/\/schema.org","@graph":[{"@type":"WebPage","@id":"https:\/\/www.staging.nordicbloomfunds.eu\/venture\/","url":"https:\/\/www.staging.nordicbloomfunds.eu\/venture\/","name":"Forst\u00e5 venture - Nordic Bloom","isPartOf":{"@id":"https:\/\/www.staging.nordicbloomfunds.eu\/#website"},"datePublished":"2024-04-15T19:56:37+00:00","dateModified":"2024-06-07T10:30:00+00:00","breadcrumb":{"@id":"https:\/\/www.staging.nordicbloomfunds.eu\/venture\/#breadcrumb"},"inLanguage":"en-GB","potentialAction":[{"@type":"ReadAction","target":["https:\/\/www.staging.nordicbloomfunds.eu\/venture\/"]}]},{"@type":"BreadcrumbList","@id":"https:\/\/www.staging.nordicbloomfunds.eu\/venture\/#breadcrumb","itemListElement":[{"@type":"ListItem","position":1,"name":"Home","item":"https:\/\/www.staging.nordicbloomfunds.eu\/"},{"@type":"ListItem","position":2,"name":"Forst\u00e5 venture"}]},{"@type":"WebSite","@id":"https:\/\/www.staging.nordicbloomfunds.eu\/#website","url":"https:\/\/www.staging.nordicbloomfunds.eu\/","name":"Nordic Bloom","description":"","potentialAction":[{"@type":"SearchAction","target":{"@type":"EntryPoint","urlTemplate":"https:\/\/www.staging.nordicbloomfunds.eu\/?s={search_term_string}"},"query-input":"required name=search_term_string"}],"inLanguage":"en-GB"}]}},"_links":{"self":[{"href":"https:\/\/www.staging.nordicbloomfunds.eu\/en\/wp-json\/wp\/v2\/pages\/1498"}],"collection":[{"href":"https:\/\/www.staging.nordicbloomfunds.eu\/en\/wp-json\/wp\/v2\/pages"}],"about":[{"href":"https:\/\/www.staging.nordicbloomfunds.eu\/en\/wp-json\/wp\/v2\/types\/page"}],"author":[{"embeddable":true,"href":"https:\/\/www.staging.nordicbloomfunds.eu\/en\/wp-json\/wp\/v2\/users\/1"}],"replies":[{"embeddable":true,"href":"https:\/\/www.staging.nordicbloomfunds.eu\/en\/wp-json\/wp\/v2\/comments?post=1498"}],"version-history":[{"count":72,"href":"https:\/\/www.staging.nordicbloomfunds.eu\/en\/wp-json\/wp\/v2\/pages\/1498\/revisions"}],"predecessor-version":[{"id":2283,"href":"https:\/\/www.staging.nordicbloomfunds.eu\/en\/wp-json\/wp\/v2\/pages\/1498\/revisions\/2283"}],"wp:attachment":[{"href":"https:\/\/www.staging.nordicbloomfunds.eu\/en\/wp-json\/wp\/v2\/media?parent=1498"}],"curies":[{"name":"wp","href":"https:\/\/api.w.org\/{rel}","templated":true}]}}