{"id":1065,"date":"2024-02-29T23:48:33","date_gmt":"2024-02-29T23:48:33","guid":{"rendered":"https:\/\/nordic.hurtigtilbud.dk\/?page_id=1065"},"modified":"2024-06-07T12:53:01","modified_gmt":"2024-06-07T10:53:01","slug":"nyheder","status":"publish","type":"page","link":"https:\/\/www.staging.nordicbloomfunds.eu\/en\/nyheder\/","title":{"rendered":"Nyheder"},"content":{"rendered":"<section class=\"bde-section-1065-100 bde-section\">\n  \n\t\n\n\n\n<div class=\"section-container\"><h1 class=\"bde-heading-1065-101 bde-heading\">\nNyheder\n<\/h1><div class=\"bde-post-loop-1065-102 bde-post-loop\">\n<div class=\"ee-posts ee-posts-grid\">    <article class=\"ee-post\">\n        <a class=\"bde-container-link-1067-110-1018-1067-1 bde-container-link bde-container-link-1067-110 breakdance-link\" href=\"https:\/\/www.staging.nordicbloomfunds.eu\/en\/nyheder\/seneste-opdatering-fra-rebel-fund\/\" target=\"_self\" data-type=\"url\">\n  \n\t\n\n\n\n<div class=\"bde-div-1067-103-1018-1067-1 bde-div bde-div-1067-103\">\n  \n\t\n\n\n\n<div class=\"bde-image-1067-102-1018-1067-1 bde-image bde-image-1067-102\">\n<figure class=\"breakdance-image breakdance-image--1019\">\n\t<div class=\"breakdance-image-container\">\n\t\t<div class=\"breakdance-image-clip\"><img loading=\"lazy\" decoding=\"async\" class=\"breakdance-image-object\" src=\"https:\/\/www.staging.nordicbloomfunds.eu\/wp-content\/uploads\/2024\/02\/pexels-mikael-blomkvist-6476587-scaled.jpg\" width=\"2560\" height=\"1708\" srcset=\"https:\/\/www.staging.nordicbloomfunds.eu\/wp-content\/uploads\/2024\/02\/pexels-mikael-blomkvist-6476587-scaled.jpg 2560w, https:\/\/www.staging.nordicbloomfunds.eu\/wp-content\/uploads\/2024\/02\/pexels-mikael-blomkvist-6476587-300x200.jpg 300w, https:\/\/www.staging.nordicbloomfunds.eu\/wp-content\/uploads\/2024\/02\/pexels-mikael-blomkvist-6476587-1024x683.jpg 1024w, https:\/\/www.staging.nordicbloomfunds.eu\/wp-content\/uploads\/2024\/02\/pexels-mikael-blomkvist-6476587-768x512.jpg 768w, https:\/\/www.staging.nordicbloomfunds.eu\/wp-content\/uploads\/2024\/02\/pexels-mikael-blomkvist-6476587-1536x1025.jpg 1536w, https:\/\/www.staging.nordicbloomfunds.eu\/wp-content\/uploads\/2024\/02\/pexels-mikael-blomkvist-6476587-2048x1367.jpg 2048w\" sizes=\"(max-width: 2560px) 100vw, 2560px\"><\/div>\n\t<\/div><\/figure>\n\n<\/div><h5 class=\"bde-heading-1067-101-1018-1067-1 bde-heading bde-heading-1067-101\">\nSeneste opdatering fra\u00a0#Rebel\u00a0Fund\n<\/h5><div class=\"bde-div-1067-104-1018-1067-1 bde-div bde-div-1067-104\">\n  \n\t\n\n\n\n<div class=\"bde-text-1067-105-1018-1067-1 bde-text bde-text-1067-105\">\nApril 16, 2024\n<\/div><div class=\"bde-text-1067-106-1018-1067-1 bde-text bde-text-1067-106\">\n7 minutters l\u00e6setid\n<\/div>\n<\/div><div class=\"bde-div-1067-111-1018-1067-1 bde-div bde-div-1067-111\">\n  \n\t\n\n\n\n<div class=\"bde-text-1067-109-1018-1067-1 bde-text bde-text-1067-109\">\nL\u00e6s mere\n<\/div><div class=\"bde-icon-1067-108-1018-1067-1 bde-icon bde-icon-1067-108\">\n\n    \n            <div class=\"bde-icon-icon breakdance-icon-atom\" >\n    \n                    <svg xmlns=\"http:\/\/www.w3.org\/2000\/svg\" viewbox=\"0 0 256 512\"><!-- Font Awesome Free 5.15.1 by @fontawesome - https:\/\/fontawesome.com License - https:\/\/fontawesome.com\/license\/free (Icons: CC BY 4.0, Fonts: SIL OFL 1.1, Code: MIT License) --><path d=\"M224.3 273l-136 136c-9.4 9.4-24.6 9.4-33.9 0l-22.6-22.6c-9.4-9.4-9.4-24.6 0-33.9l96.4-96.4-96.4-96.4c-9.4-9.4-9.4-24.6 0-33.9L54.3 103c9.4-9.4 24.6-9.4 33.9 0l136 136c9.5 9.4 9.5 24.6.1 34z\"\/><\/svg>\n        \n        \n        \n            <\/div>\n    \n\n\n<\/div>\n<\/div>\n<\/div>\n\n<\/a>    <\/article>\n    <article class=\"ee-post\">\n        <a class=\"bde-container-link-1067-110-974-1067-1 bde-container-link bde-container-link-1067-110 breakdance-link\" href=\"https:\/\/www.staging.nordicbloomfunds.eu\/en\/nyheder\/spacex-vaerdisaettes-til-1200-mia-kr-og-vil-nu-saelge-aktier\/\" target=\"_self\" data-type=\"url\">\n  \n\t\n\n\n\n<div class=\"bde-div-1067-103-974-1067-1 bde-div bde-div-1067-103\">\n  \n\t\n\n\n\n<div class=\"bde-image-1067-102-974-1067-1 bde-image bde-image-1067-102\">\n<figure class=\"breakdance-image breakdance-image--1000\">\n\t<div class=\"breakdance-image-container\">\n\t\t<div class=\"breakdance-image-clip\"><img loading=\"lazy\" decoding=\"async\" class=\"breakdance-image-object\" src=\"https:\/\/www.staging.nordicbloomfunds.eu\/wp-content\/uploads\/2024\/02\/pexels-spacex-60130-scaled.jpg\" width=\"2560\" height=\"1707\" srcset=\"https:\/\/www.staging.nordicbloomfunds.eu\/wp-content\/uploads\/2024\/02\/pexels-spacex-60130-scaled.jpg 2560w, https:\/\/www.staging.nordicbloomfunds.eu\/wp-content\/uploads\/2024\/02\/pexels-spacex-60130-300x200.jpg 300w, https:\/\/www.staging.nordicbloomfunds.eu\/wp-content\/uploads\/2024\/02\/pexels-spacex-60130-1024x683.jpg 1024w, https:\/\/www.staging.nordicbloomfunds.eu\/wp-content\/uploads\/2024\/02\/pexels-spacex-60130-768x512.jpg 768w, https:\/\/www.staging.nordicbloomfunds.eu\/wp-content\/uploads\/2024\/02\/pexels-spacex-60130-1536x1024.jpg 1536w, https:\/\/www.staging.nordicbloomfunds.eu\/wp-content\/uploads\/2024\/02\/pexels-spacex-60130-2048x1365.jpg 2048w\" sizes=\"(max-width: 2560px) 100vw, 2560px\"><\/div>\n\t<\/div><\/figure>\n\n<\/div><h5 class=\"bde-heading-1067-101-974-1067-1 bde-heading bde-heading-1067-101\">\nSpaceX v\u00e6rdis\u00e6ttes til 1200 mia. kr. og vil nu s\u00e6lge aktier!\n<\/h5><div class=\"bde-div-1067-104-974-1067-1 bde-div bde-div-1067-104\">\n  \n\t\n\n\n\n<div class=\"bde-text-1067-105-974-1067-1 bde-text bde-text-1067-105\">\nApril 16, 2024\n<\/div><div class=\"bde-text-1067-106-974-1067-1 bde-text bde-text-1067-106\">\n1 minutters l\u00e6setid\n<\/div>\n<\/div><div class=\"bde-div-1067-111-974-1067-1 bde-div bde-div-1067-111\">\n  \n\t\n\n\n\n<div class=\"bde-text-1067-109-974-1067-1 bde-text bde-text-1067-109\">\nL\u00e6s mere\n<\/div><div class=\"bde-icon-1067-108-974-1067-1 bde-icon bde-icon-1067-108\">\n\n    \n            <div class=\"bde-icon-icon breakdance-icon-atom\" >\n    \n                    <svg xmlns=\"http:\/\/www.w3.org\/2000\/svg\" viewbox=\"0 0 256 512\"><!-- Font Awesome Free 5.15.1 by @fontawesome - https:\/\/fontawesome.com License - https:\/\/fontawesome.com\/license\/free (Icons: CC BY 4.0, Fonts: SIL OFL 1.1, Code: MIT License) --><path d=\"M224.3 273l-136 136c-9.4 9.4-24.6 9.4-33.9 0l-22.6-22.6c-9.4-9.4-9.4-24.6 0-33.9l96.4-96.4-96.4-96.4c-9.4-9.4-9.4-24.6 0-33.9L54.3 103c9.4-9.4 24.6-9.4 33.9 0l136 136c9.5 9.4 9.5 24.6.1 34z\"\/><\/svg>\n        \n        \n        \n            <\/div>\n    \n\n\n<\/div>\n<\/div>\n<\/div>\n\n<\/a>    <\/article>\n<\/div>\n\n<\/div><\/div>\n<\/section>","protected":false},"excerpt":{"rendered":"<p>Nyheder Seneste opdatering fra\u00a0#Rebel\u00a0Fund April 16, 2024 7 minutters l\u00e6setid L\u00e6s mere SpaceX v\u00e6rdis\u00e6ttes til 1200 mia. kr. og vil nu s\u00e6lge aktier! April 16, 2024 1 minutters l\u00e6setid L\u00e6s mere<\/p>","protected":false},"author":1,"featured_media":0,"parent":0,"menu_order":0,"comment_status":"closed","ping_status":"closed","template":"","meta":{"_acf_changed":false,"_breakdance_hide_in_design_set":false,"_breakdance_tags":"","footnotes":""},"acf":[],"yoast_head":"<!-- This site is optimized with the Yoast SEO plugin v22.5 - https:\/\/yoast.com\/wordpress\/plugins\/seo\/ -->\n<title>Nyheder - Nordic Bloom<\/title>\n<meta name=\"robots\" content=\"noindex, follow, max-snippet:-1, max-image-preview:large, max-video-preview:-1\" \/>\n<meta property=\"og:locale\" content=\"en_GB\" \/>\n<meta property=\"og:type\" content=\"article\" \/>\n<meta property=\"og:title\" content=\"Nyheder - Nordic Bloom\" \/>\n<meta property=\"og:description\" content=\"Nyheder Seneste opdatering fra\u00a0#Rebel\u00a0Fund April 16, 2024 7 minutters l\u00e6setid L\u00e6s mere SpaceX v\u00e6rdis\u00e6ttes til 1200 mia. kr. og vil nu s\u00e6lge aktier! April 16, 2024 1 minutters l\u00e6setid L\u00e6s mere\" \/>\n<meta property=\"og:url\" content=\"https:\/\/www.staging.nordicbloomfunds.eu\/en\/nyheder\/\" \/>\n<meta property=\"og:site_name\" content=\"Nordic Bloom\" \/>\n<meta property=\"article:modified_time\" content=\"2024-06-07T10:53:01+00:00\" \/>\n<meta name=\"twitter:card\" content=\"summary_large_image\" \/>\n<script type=\"application\/ld+json\" class=\"yoast-schema-graph\">{\"@context\":\"https:\/\/schema.org\",\"@graph\":[{\"@type\":\"WebPage\",\"@id\":\"https:\/\/www.staging.nordicbloomfunds.eu\/nyheder\/\",\"url\":\"https:\/\/www.staging.nordicbloomfunds.eu\/nyheder\/\",\"name\":\"Nyheder - Nordic Bloom\",\"isPartOf\":{\"@id\":\"https:\/\/www.staging.nordicbloomfunds.eu\/#website\"},\"datePublished\":\"2024-02-29T23:48:33+00:00\",\"dateModified\":\"2024-06-07T10:53:01+00:00\",\"breadcrumb\":{\"@id\":\"https:\/\/www.staging.nordicbloomfunds.eu\/nyheder\/#breadcrumb\"},\"inLanguage\":\"en-GB\",\"potentialAction\":[{\"@type\":\"ReadAction\",\"target\":[\"https:\/\/www.staging.nordicbloomfunds.eu\/nyheder\/\"]}]},{\"@type\":\"BreadcrumbList\",\"@id\":\"https:\/\/www.staging.nordicbloomfunds.eu\/nyheder\/#breadcrumb\",\"itemListElement\":[{\"@type\":\"ListItem\",\"position\":1,\"name\":\"Home\",\"item\":\"https:\/\/www.staging.nordicbloomfunds.eu\/\"},{\"@type\":\"ListItem\",\"position\":2,\"name\":\"Nyheder\"}]},{\"@type\":\"WebSite\",\"@id\":\"https:\/\/www.staging.nordicbloomfunds.eu\/#website\",\"url\":\"https:\/\/www.staging.nordicbloomfunds.eu\/\",\"name\":\"Nordic Bloom\",\"description\":\"\",\"potentialAction\":[{\"@type\":\"SearchAction\",\"target\":{\"@type\":\"EntryPoint\",\"urlTemplate\":\"https:\/\/www.staging.nordicbloomfunds.eu\/?s={search_term_string}\"},\"query-input\":\"required name=search_term_string\"}],\"inLanguage\":\"en-GB\"}]}<\/script>\n<!-- \/ Yoast SEO plugin. -->","yoast_head_json":{"title":"Nyheder - Nordic Bloom","robots":{"index":"noindex","follow":"follow","max-snippet":"max-snippet:-1","max-image-preview":"max-image-preview:large","max-video-preview":"max-video-preview:-1"},"og_locale":"en_GB","og_type":"article","og_title":"Nyheder - Nordic Bloom","og_description":"Nyheder Seneste opdatering fra\u00a0#Rebel\u00a0Fund April 16, 2024 7 minutters l\u00e6setid L\u00e6s mere SpaceX v\u00e6rdis\u00e6ttes til 1200 mia. kr. og vil nu s\u00e6lge aktier! April 16, 2024 1 minutters l\u00e6setid L\u00e6s mere","og_url":"https:\/\/www.staging.nordicbloomfunds.eu\/en\/nyheder\/","og_site_name":"Nordic Bloom","article_modified_time":"2024-06-07T10:53:01+00:00","twitter_card":"summary_large_image","schema":{"@context":"https:\/\/schema.org","@graph":[{"@type":"WebPage","@id":"https:\/\/www.staging.nordicbloomfunds.eu\/nyheder\/","url":"https:\/\/www.staging.nordicbloomfunds.eu\/nyheder\/","name":"Nyheder - Nordic Bloom","isPartOf":{"@id":"https:\/\/www.staging.nordicbloomfunds.eu\/#website"},"datePublished":"2024-02-29T23:48:33+00:00","dateModified":"2024-06-07T10:53:01+00:00","breadcrumb":{"@id":"https:\/\/www.staging.nordicbloomfunds.eu\/nyheder\/#breadcrumb"},"inLanguage":"en-GB","potentialAction":[{"@type":"ReadAction","target":["https:\/\/www.staging.nordicbloomfunds.eu\/nyheder\/"]}]},{"@type":"BreadcrumbList","@id":"https:\/\/www.staging.nordicbloomfunds.eu\/nyheder\/#breadcrumb","itemListElement":[{"@type":"ListItem","position":1,"name":"Home","item":"https:\/\/www.staging.nordicbloomfunds.eu\/"},{"@type":"ListItem","position":2,"name":"Nyheder"}]},{"@type":"WebSite","@id":"https:\/\/www.staging.nordicbloomfunds.eu\/#website","url":"https:\/\/www.staging.nordicbloomfunds.eu\/","name":"Nordic Bloom","description":"","potentialAction":[{"@type":"SearchAction","target":{"@type":"EntryPoint","urlTemplate":"https:\/\/www.staging.nordicbloomfunds.eu\/?s={search_term_string}"},"query-input":"required name=search_term_string"}],"inLanguage":"en-GB"}]}},"_links":{"self":[{"href":"https:\/\/www.staging.nordicbloomfunds.eu\/en\/wp-json\/wp\/v2\/pages\/1065"}],"collection":[{"href":"https:\/\/www.staging.nordicbloomfunds.eu\/en\/wp-json\/wp\/v2\/pages"}],"about":[{"href":"https:\/\/www.staging.nordicbloomfunds.eu\/en\/wp-json\/wp\/v2\/types\/page"}],"author":[{"embeddable":true,"href":"https:\/\/www.staging.nordicbloomfunds.eu\/en\/wp-json\/wp\/v2\/users\/1"}],"replies":[{"embeddable":true,"href":"https:\/\/www.staging.nordicbloomfunds.eu\/en\/wp-json\/wp\/v2\/comments?post=1065"}],"version-history":[{"count":8,"href":"https:\/\/www.staging.nordicbloomfunds.eu\/en\/wp-json\/wp\/v2\/pages\/1065\/revisions"}],"predecessor-version":[{"id":2296,"href":"https:\/\/www.staging.nordicbloomfunds.eu\/en\/wp-json\/wp\/v2\/pages\/1065\/revisions\/2296"}],"wp:attachment":[{"href":"https:\/\/www.staging.nordicbloomfunds.eu\/en\/wp-json\/wp\/v2\/media?parent=1065"}],"curies":[{"name":"wp","href":"https:\/\/api.w.org\/{rel}","templated":true}]}}